{"id":889,"date":"2021-01-22T11:39:31","date_gmt":"2020-06-20T19:00:44","guid":{"rendered":"http:\/\/transeuropa-festival.de\/2021\/kontakt-2\/"},"modified":"2021-05-25T14:55:34","modified_gmt":"2021-05-25T12:55:34","slug":"warm-up","status":"publish","type":"page","link":"https:\/\/transeuropa-festival.de\/2021\/warm-up\/","title":{"rendered":"Warm Up"},"content":{"rendered":"","protected":false},"excerpt":{"rendered":"","protected":false},"author":1,"featured_media":0,"parent":0,"menu_order":10,"comment_status":"closed","ping_status":"closed","template":"","meta":{"footnotes":""},"yoast_head":"<!-- This site is optimized with the Yoast SEO plugin v21.9.1 - https:\/\/yoast.com\/wordpress\/plugins\/seo\/ -->\n<title>Warm Up &#187; transeuropa [X] Veranstaltungsreihe zur Einstimmung<\/title>\n<meta name=\"description\" content=\"Warm Up \/ transeuropa festival - vom 25.05. \u2013 30.05.2021 findet die 10. Ausgabe des Festivals in Hildesheim statt.\" \/>\n<meta name=\"robots\" content=\"index, follow, max-snippet:-1, max-image-preview:large, max-video-preview:-1\" \/>\n<link rel=\"canonical\" href=\"https:\/\/transeuropa-festival.de\/2021\/warm-up\/\" \/>\n<meta property=\"og:locale\" content=\"de_DE\" \/>\n<meta property=\"og:type\" content=\"article\" \/>\n<meta property=\"og:title\" content=\"Warm Up &#187; transeuropa [X] Veranstaltungsreihe zur Einstimmung\" \/>\n<meta property=\"og:description\" content=\"Warm Up \/ transeuropa festival - vom 25.05. \u2013 30.05.2021 findet die 10. Ausgabe des Festivals in Hildesheim statt.\" \/>\n<meta property=\"og:url\" content=\"https:\/\/transeuropa-festival.de\/2021\/warm-up\/\" \/>\n<meta property=\"og:site_name\" content=\"transeuropa [X]\" \/>\n<meta property=\"article:publisher\" content=\"https:\/\/www.facebook.com\/transeuropahildesheim\/\" \/>\n<meta property=\"article:modified_time\" content=\"2021-05-25T12:55:34+00:00\" \/>\n<meta name=\"twitter:card\" content=\"summary_large_image\" \/>\n<script type=\"application\/ld+json\" class=\"yoast-schema-graph\">{\"@context\":\"https:\/\/schema.org\",\"@graph\":[{\"@type\":\"WebPage\",\"@id\":\"https:\/\/transeuropa-festival.de\/2021\/warm-up\/\",\"url\":\"https:\/\/transeuropa-festival.de\/2021\/warm-up\/\",\"name\":\"Warm Up &#187; transeuropa [X] Veranstaltungsreihe zur Einstimmung\",\"isPartOf\":{\"@id\":\"https:\/\/transeuropa-festival.de\/2021\/#website\"},\"datePublished\":\"2020-06-20T19:00:44+00:00\",\"dateModified\":\"2021-05-25T12:55:34+00:00\",\"description\":\"Warm Up \/ transeuropa festival - vom 25.05. \u2013 30.05.2021 findet die 10. Ausgabe des Festivals in Hildesheim statt.\",\"breadcrumb\":{\"@id\":\"https:\/\/transeuropa-festival.de\/2021\/warm-up\/#breadcrumb\"},\"inLanguage\":\"de\",\"potentialAction\":[{\"@type\":\"ReadAction\",\"target\":[\"https:\/\/transeuropa-festival.de\/2021\/warm-up\/\"]}]},{\"@type\":\"BreadcrumbList\",\"@id\":\"https:\/\/transeuropa-festival.de\/2021\/warm-up\/#breadcrumb\",\"itemListElement\":[{\"@type\":\"ListItem\",\"position\":1,\"name\":\"Startseite\",\"item\":\"https:\/\/transeuropa-festival.de\/2021\/\"},{\"@type\":\"ListItem\",\"position\":2,\"name\":\"Warm Up\"}]},{\"@type\":\"WebSite\",\"@id\":\"https:\/\/transeuropa-festival.de\/2021\/#website\",\"url\":\"https:\/\/transeuropa-festival.de\/2021\/\",\"name\":\"transeuropa [X]\",\"description\":\"EUROP\u00c4ISCHES FESTIVAL F\u00dcR PERFORMATIVE K\u00dcNSTE IN HILDESHEIM\",\"publisher\":{\"@id\":\"https:\/\/transeuropa-festival.de\/2021\/#organization\"},\"potentialAction\":[{\"@type\":\"SearchAction\",\"target\":{\"@type\":\"EntryPoint\",\"urlTemplate\":\"https:\/\/transeuropa-festival.de\/2021\/?s={search_term_string}\"},\"query-input\":\"required name=search_term_string\"}],\"inLanguage\":\"de\"},{\"@type\":\"Organization\",\"@id\":\"https:\/\/transeuropa-festival.de\/2021\/#organization\",\"name\":\"transeuropa e.V.\",\"url\":\"https:\/\/transeuropa-festival.de\/2021\/\",\"logo\":{\"@type\":\"ImageObject\",\"inLanguage\":\"de\",\"@id\":\"https:\/\/transeuropa-festival.de\/2021\/#\/schema\/logo\/image\/\",\"url\":\"http:\/\/transeuropa-festival.de\/2021\/wp-content\/uploads\/2020\/07\/logo-sw-2zeilig-PNG.png\",\"contentUrl\":\"http:\/\/transeuropa-festival.de\/2021\/wp-content\/uploads\/2020\/07\/logo-sw-2zeilig-PNG.png\",\"width\":1361,\"height\":527,\"caption\":\"transeuropa e.V.\"},\"image\":{\"@id\":\"https:\/\/transeuropa-festival.de\/2021\/#\/schema\/logo\/image\/\"},\"sameAs\":[\"https:\/\/www.facebook.com\/transeuropahildesheim\/\"]}]}<\/script>\n<!-- \/ Yoast SEO plugin. -->","yoast_head_json":{"title":"Warm Up &#187; transeuropa [X] Veranstaltungsreihe zur Einstimmung","description":"Warm Up \/ transeuropa festival - vom 25.05. \u2013 30.05.2021 findet die 10. Ausgabe des Festivals in Hildesheim statt.","robots":{"index":"index","follow":"follow","max-snippet":"max-snippet:-1","max-image-preview":"max-image-preview:large","max-video-preview":"max-video-preview:-1"},"canonical":"https:\/\/transeuropa-festival.de\/2021\/warm-up\/","og_locale":"de_DE","og_type":"article","og_title":"Warm Up &#187; transeuropa [X] Veranstaltungsreihe zur Einstimmung","og_description":"Warm Up \/ transeuropa festival - vom 25.05. \u2013 30.05.2021 findet die 10. Ausgabe des Festivals in Hildesheim statt.","og_url":"https:\/\/transeuropa-festival.de\/2021\/warm-up\/","og_site_name":"transeuropa [X]","article_publisher":"https:\/\/www.facebook.com\/transeuropahildesheim\/","article_modified_time":"2021-05-25T12:55:34+00:00","twitter_card":"summary_large_image","schema":{"@context":"https:\/\/schema.org","@graph":[{"@type":"WebPage","@id":"https:\/\/transeuropa-festival.de\/2021\/warm-up\/","url":"https:\/\/transeuropa-festival.de\/2021\/warm-up\/","name":"Warm Up &#187; transeuropa [X] Veranstaltungsreihe zur Einstimmung","isPartOf":{"@id":"https:\/\/transeuropa-festival.de\/2021\/#website"},"datePublished":"2020-06-20T19:00:44+00:00","dateModified":"2021-05-25T12:55:34+00:00","description":"Warm Up \/ transeuropa festival - vom 25.05. \u2013 30.05.2021 findet die 10. Ausgabe des Festivals in Hildesheim statt.","breadcrumb":{"@id":"https:\/\/transeuropa-festival.de\/2021\/warm-up\/#breadcrumb"},"inLanguage":"de","potentialAction":[{"@type":"ReadAction","target":["https:\/\/transeuropa-festival.de\/2021\/warm-up\/"]}]},{"@type":"BreadcrumbList","@id":"https:\/\/transeuropa-festival.de\/2021\/warm-up\/#breadcrumb","itemListElement":[{"@type":"ListItem","position":1,"name":"Startseite","item":"https:\/\/transeuropa-festival.de\/2021\/"},{"@type":"ListItem","position":2,"name":"Warm Up"}]},{"@type":"WebSite","@id":"https:\/\/transeuropa-festival.de\/2021\/#website","url":"https:\/\/transeuropa-festival.de\/2021\/","name":"transeuropa [X]","description":"EUROP\u00c4ISCHES FESTIVAL F\u00dcR PERFORMATIVE K\u00dcNSTE IN HILDESHEIM","publisher":{"@id":"https:\/\/transeuropa-festival.de\/2021\/#organization"},"potentialAction":[{"@type":"SearchAction","target":{"@type":"EntryPoint","urlTemplate":"https:\/\/transeuropa-festival.de\/2021\/?s={search_term_string}"},"query-input":"required name=search_term_string"}],"inLanguage":"de"},{"@type":"Organization","@id":"https:\/\/transeuropa-festival.de\/2021\/#organization","name":"transeuropa e.V.","url":"https:\/\/transeuropa-festival.de\/2021\/","logo":{"@type":"ImageObject","inLanguage":"de","@id":"https:\/\/transeuropa-festival.de\/2021\/#\/schema\/logo\/image\/","url":"http:\/\/transeuropa-festival.de\/2021\/wp-content\/uploads\/2020\/07\/logo-sw-2zeilig-PNG.png","contentUrl":"http:\/\/transeuropa-festival.de\/2021\/wp-content\/uploads\/2020\/07\/logo-sw-2zeilig-PNG.png","width":1361,"height":527,"caption":"transeuropa e.V."},"image":{"@id":"https:\/\/transeuropa-festival.de\/2021\/#\/schema\/logo\/image\/"},"sameAs":["https:\/\/www.facebook.com\/transeuropahildesheim\/"]}]}},"grid":"{\r\n  \"colCount\": 12,\r\n  \"colGutter\": 1,\r\n  \"rowGutters\": [\r\n    3,\r\n    3,\r\n    3\r\n  ],\r\n  \"frameMargin\": 4,\r\n  \"topFrameMargin\": 10,\r\n  \"bottomFrameMargin\": 5,\r\n  \"rowAttrs\": [\r\n    {},\r\n    {},\r\n    {},\r\n    {}\r\n  ],\r\n  \"bgColor\": null,\r\n  \"cont\": [\r\n    {\r\n      \"type\": \"text\",\r\n      \"cont\": \"<p>\u00a0 \u00a0<\/p>\",\r\n      \"align\": \"middle\",\r\n      \"row\": 0,\r\n      \"col\": 3,\r\n      \"colspan\": 2,\r\n      \"offsetx\": 0,\r\n      \"offsety\": 0,\r\n      \"spaceabove\": 0,\r\n      \"spacebelow\": 0,\r\n      \"yvel\": 1,\r\n      \"push\": 3,\r\n      \"relid\": 47\r\n    },\r\n    {\r\n      \"type\": \"text\",\r\n      \"cont\": \"<h1 class=\\\"_h3\\\">Warm Ups<\/h1><p>\u00a0<\/p><p>Ab November wird das transeuropa [X] mit einer Warm-Up Reihe inhaltlich und formell auf das Festival einstimmen. In Form von Veranstaltungen und Content werden Fragen nach Festivals als \u00e4sthetischer Praxis und dem Kollektiv gestellt.<\/p><p>\u00a0<\/p>\",\r\n      \"align\": \"top\",\r\n      \"row\": 1,\r\n      \"col\": 2,\r\n      \"colspan\": 8,\r\n      \"offsetx\": 0,\r\n      \"offsety\": 0,\r\n      \"spaceabove\": 0,\r\n      \"spacebelow\": 0,\r\n      \"yvel\": 1,\r\n      \"push\": 2,\r\n      \"relid\": 4,\r\n      \"frameOverflow\": \"\"\r\n    },\r\n    {\r\n      \"type\": \"thumbnailgrid\",\r\n      \"cont\": \"\",\r\n      \"align\": \"top\",\r\n      \"row\": 2,\r\n      \"col\": 2,\r\n      \"colspan\": 8,\r\n      \"offsetx\": 0,\r\n      \"offsety\": 0,\r\n      \"spaceabove\": 0,\r\n      \"spacebelow\": 0,\r\n      \"yvel\": 1,\r\n      \"push\": 2,\r\n      \"relid\": 24,\r\n      \"config\": {\r\n        \"desktop\": {\r\n          \"colCount\": 2,\r\n          \"colGutter\": 1,\r\n          \"rowGutter\": 1\r\n        },\r\n        \"tablet\": {\r\n          \"colCount\": 1,\r\n          \"colGutter\": 1,\r\n          \"rowGutter\": 3\r\n        },\r\n        \"phone\": {\r\n          \"colCount\": 1,\r\n          \"colGutter\": 1,\r\n          \"rowGutter\": 3\r\n        },\r\n        \"layoutType\": \"top-aligned\",\r\n        \"cat_id\": 35,\r\n        \"sortedFilters\": true\r\n      },\r\n      \"frameOverflow\": \"\"\r\n    }\r\n  ]\r\n}","phonegrid":"{\r\n  \"colCount\": 1,\r\n  \"colGutter\": \"1\",\r\n  \"rowGutters\": [\r\n    \"5\",\r\n    \"5\",\r\n    5\r\n  ],\r\n  \"frameMargin\": \"5\",\r\n  \"topFrameMargin\": \"5\",\r\n  \"bottomFrameMargin\": \"5\",\r\n  \"rowAttrs\": [\r\n    [],\r\n    [],\r\n    [],\r\n    {}\r\n  ],\r\n  \"bgColor\": null,\r\n  \"cont\": [\r\n    {\r\n      \"type\": \"text\",\r\n      \"cont\": \"<p>\u00a0\u00a0<\/p>\",\r\n      \"align\": \"top\",\r\n      \"row\": 0,\r\n      \"col\": 0,\r\n      \"colspan\": 1,\r\n      \"offsetx\": 0,\r\n      \"offsety\": 0,\r\n      \"spaceabove\": 0,\r\n      \"spacebelow\": 0,\r\n      \"yvel\": 1,\r\n      \"push\": 0,\r\n      \"relid\": 48\r\n    },\r\n    {\r\n      \"type\": \"text\",\r\n      \"cont\": \"<h1 class=\\\"_h3\\\">Warm Ups<\/h1><p>\u00a0<\/p><p>Ab November wird das transeuropa [X] mit einer Warm-Up Reihe inhaltlich und formell auf das Festival einstimmen. In Form von Veranstaltungen und Content werden Fragen nach Festivals als \u00e4sthetischer Praxis und dem Kollektiv gestellt.<\/p><p>\u00a0<\/p>\",\r\n      \"align\": \"top\",\r\n      \"row\": 1,\r\n      \"col\": 0,\r\n      \"colspan\": 1,\r\n      \"offsetx\": 0,\r\n      \"offsety\": 0,\r\n      \"spaceabove\": 0,\r\n      \"spacebelow\": 0,\r\n      \"yvel\": 1,\r\n      \"push\": 0,\r\n      \"relid\": 4,\r\n      \"frameOverflow\": \"\"\r\n    },\r\n    {\r\n      \"type\": \"thumbnailgrid\",\r\n      \"cont\": \"\",\r\n      \"align\": \"top\",\r\n      \"row\": 2,\r\n      \"col\": 0,\r\n      \"colspan\": 1,\r\n      \"offsetx\": 0,\r\n      \"offsety\": 0,\r\n      \"spaceabove\": 0,\r\n      \"spacebelow\": 0,\r\n      \"yvel\": 1,\r\n      \"push\": 0,\r\n      \"relid\": 24,\r\n      \"config\": {\r\n        \"desktop\": {\r\n          \"colCount\": 2,\r\n          \"colGutter\": 1,\r\n          \"rowGutter\": 1\r\n        },\r\n        \"tablet\": {\r\n          \"colCount\": 1,\r\n          \"colGutter\": 1,\r\n          \"rowGutter\": 3\r\n        },\r\n        \"phone\": {\r\n          \"colCount\": 1,\r\n          \"colGutter\": 1,\r\n          \"rowGutter\": 3\r\n        },\r\n        \"layoutType\": \"top-aligned\",\r\n        \"cat_id\": 35,\r\n        \"sortedFilters\": [\r\n          {\r\n            \"term_id\": 36,\r\n            \"name\": \"K\u00fcnstlerisches Programm\",\r\n            \"visible\": true\r\n          },\r\n          {\r\n            \"term_id\": 1,\r\n            \"name\": \"None\",\r\n            \"visible\": true\r\n          },\r\n          {\r\n            \"term_id\": 35,\r\n            \"name\": \"Warm Up\",\r\n            \"visible\": true\r\n          },\r\n          {\r\n            \"term_id\": 37,\r\n            \"name\": \"Warm Up#01-Part\",\r\n            \"visible\": true\r\n          },\r\n          {\r\n            \"term_id\": 352,\r\n            \"name\": \"Auff\u00fchrung\",\r\n            \"visible\": true\r\n          },\r\n          {\r\n            \"term_id\": 74,\r\n            \"name\": \"Film\",\r\n            \"visible\": true\r\n          },\r\n          {\r\n            \"term_id\": 65,\r\n            \"name\": \"Forschung\",\r\n            \"visible\": true\r\n          },\r\n          {\r\n            \"term_id\": 341,\r\n            \"name\": \"Freiluftkino\",\r\n            \"visible\": true\r\n          },\r\n          {\r\n            \"term_id\": 60,\r\n            \"name\": \"Installation\",\r\n            \"visible\": true\r\n          },\r\n          {\r\n            \"term_id\": 340,\r\n            \"name\": \"Lesung\",\r\n            \"visible\": true\r\n          },\r\n          {\r\n            \"term_id\": 55,\r\n            \"name\": \"Offline\",\r\n            \"visible\": true\r\n          },\r\n          {\r\n            \"term_id\": 54,\r\n            \"name\": \"Online\",\r\n            \"visible\": true\r\n          },\r\n          {\r\n            \"term_id\": 30,\r\n            \"name\": \"Performance\",\r\n            \"visible\": true\r\n          },\r\n          {\r\n            \"term_id\": 64,\r\n            \"name\": \"Post\",\r\n            \"visible\": true\r\n          },\r\n          {\r\n            \"term_id\": 358,\r\n            \"name\": \"Reality-TV\",\r\n            \"visible\": true\r\n          },\r\n          {\r\n            \"term_id\": 56,\r\n            \"name\": \"Social Media\",\r\n            \"visible\": true\r\n          },\r\n          {\r\n            \"term_id\": 58,\r\n            \"name\": \"Stream\",\r\n            \"visible\": true\r\n          },\r\n          {\r\n            \"term_id\": 31,\r\n            \"name\": \"Tanz\",\r\n            \"visible\": true\r\n          },\r\n          {\r\n            \"term_id\": 339,\r\n            \"name\": \"Tanzperformance\",\r\n            \"visible\": true\r\n          },\r\n          {\r\n            \"term_id\": 62,\r\n            \"name\": \"Theater\",\r\n            \"visible\": true\r\n          },\r\n          {\r\n            \"term_id\": 57,\r\n            \"name\": \"Video\",\r\n            \"visible\": true\r\n          },\r\n          {\r\n            \"term_id\": 343,\r\n            \"name\": \"VR\",\r\n            \"visible\": true\r\n          },\r\n          {\r\n            \"term_id\": 61,\r\n            \"name\": \"Walk\",\r\n            \"visible\": true\r\n          },\r\n          {\r\n            \"term_id\": 59,\r\n            \"name\": \"Zoom\",\r\n            \"visible\": true\r\n          }\r\n        ]\r\n      },\r\n      \"frameOverflow\": \"\"\r\n    }\r\n  ]\r\n}","_links":{"self":[{"href":"https:\/\/transeuropa-festival.de\/2021\/wp-json\/wp\/v2\/pages\/889"}],"collection":[{"href":"https:\/\/transeuropa-festival.de\/2021\/wp-json\/wp\/v2\/pages"}],"about":[{"href":"https:\/\/transeuropa-festival.de\/2021\/wp-json\/wp\/v2\/types\/page"}],"author":[{"embeddable":true,"href":"https:\/\/transeuropa-festival.de\/2021\/wp-json\/wp\/v2\/users\/1"}],"replies":[{"embeddable":true,"href":"https:\/\/transeuropa-festival.de\/2021\/wp-json\/wp\/v2\/comments?post=889"}],"version-history":[{"count":0,"href":"https:\/\/transeuropa-festival.de\/2021\/wp-json\/wp\/v2\/pages\/889\/revisions"}],"wp:attachment":[{"href":"https:\/\/transeuropa-festival.de\/2021\/wp-json\/wp\/v2\/media?parent=889"}],"curies":[{"name":"wp","href":"https:\/\/api.w.org\/{rel}","templated":true}]}}