{"id":217,"date":"2020-07-05T17:17:28","date_gmt":"2020-07-05T15:17:28","guid":{"rendered":"http:\/\/transeuropa-festival.de\/2021\/?page_id=217"},"modified":"2021-11-02T18:20:21","modified_gmt":"2021-11-02T17:20:21","slug":"impressum","status":"publish","type":"page","link":"https:\/\/transeuropa-festival.de\/2021\/impressum\/","title":{"rendered":"Impressum"},"content":{"rendered":"","protected":false},"excerpt":{"rendered":"","protected":false},"author":1,"featured_media":0,"parent":0,"menu_order":12,"comment_status":"closed","ping_status":"closed","template":"","meta":{"footnotes":""},"yoast_head":"<!-- This site is optimized with the Yoast SEO plugin v21.9.1 - https:\/\/yoast.com\/wordpress\/plugins\/seo\/ -->\n<title>Impressum &#187; transeuropa [X]<\/title>\n<meta name=\"robots\" content=\"index, follow, max-snippet:-1, max-image-preview:large, max-video-preview:-1\" \/>\n<link rel=\"canonical\" href=\"https:\/\/transeuropa-festival.de\/2021\/impressum\/\" \/>\n<meta property=\"og:locale\" content=\"de_DE\" \/>\n<meta property=\"og:type\" content=\"article\" \/>\n<meta property=\"og:title\" content=\"Impressum &#187; transeuropa [X]\" \/>\n<meta property=\"og:url\" content=\"https:\/\/transeuropa-festival.de\/2021\/impressum\/\" \/>\n<meta property=\"og:site_name\" content=\"transeuropa [X]\" \/>\n<meta property=\"article:publisher\" content=\"https:\/\/www.facebook.com\/transeuropahildesheim\/\" \/>\n<meta property=\"article:modified_time\" content=\"2021-11-02T17:20:21+00:00\" \/>\n<meta name=\"twitter:card\" content=\"summary_large_image\" \/>\n<script type=\"application\/ld+json\" class=\"yoast-schema-graph\">{\"@context\":\"https:\/\/schema.org\",\"@graph\":[{\"@type\":\"WebPage\",\"@id\":\"https:\/\/transeuropa-festival.de\/2021\/impressum\/\",\"url\":\"https:\/\/transeuropa-festival.de\/2021\/impressum\/\",\"name\":\"Impressum &#187; transeuropa [X]\",\"isPartOf\":{\"@id\":\"https:\/\/transeuropa-festival.de\/2021\/#website\"},\"datePublished\":\"2020-07-05T15:17:28+00:00\",\"dateModified\":\"2021-11-02T17:20:21+00:00\",\"breadcrumb\":{\"@id\":\"https:\/\/transeuropa-festival.de\/2021\/impressum\/#breadcrumb\"},\"inLanguage\":\"de\",\"potentialAction\":[{\"@type\":\"ReadAction\",\"target\":[\"https:\/\/transeuropa-festival.de\/2021\/impressum\/\"]}]},{\"@type\":\"BreadcrumbList\",\"@id\":\"https:\/\/transeuropa-festival.de\/2021\/impressum\/#breadcrumb\",\"itemListElement\":[{\"@type\":\"ListItem\",\"position\":1,\"name\":\"Startseite\",\"item\":\"https:\/\/transeuropa-festival.de\/2021\/\"},{\"@type\":\"ListItem\",\"position\":2,\"name\":\"Impressum\"}]},{\"@type\":\"WebSite\",\"@id\":\"https:\/\/transeuropa-festival.de\/2021\/#website\",\"url\":\"https:\/\/transeuropa-festival.de\/2021\/\",\"name\":\"transeuropa [X]\",\"description\":\"EUROP\u00c4ISCHES FESTIVAL F\u00dcR PERFORMATIVE K\u00dcNSTE IN HILDESHEIM\",\"publisher\":{\"@id\":\"https:\/\/transeuropa-festival.de\/2021\/#organization\"},\"potentialAction\":[{\"@type\":\"SearchAction\",\"target\":{\"@type\":\"EntryPoint\",\"urlTemplate\":\"https:\/\/transeuropa-festival.de\/2021\/?s={search_term_string}\"},\"query-input\":\"required name=search_term_string\"}],\"inLanguage\":\"de\"},{\"@type\":\"Organization\",\"@id\":\"https:\/\/transeuropa-festival.de\/2021\/#organization\",\"name\":\"transeuropa e.V.\",\"url\":\"https:\/\/transeuropa-festival.de\/2021\/\",\"logo\":{\"@type\":\"ImageObject\",\"inLanguage\":\"de\",\"@id\":\"https:\/\/transeuropa-festival.de\/2021\/#\/schema\/logo\/image\/\",\"url\":\"http:\/\/transeuropa-festival.de\/2021\/wp-content\/uploads\/2020\/07\/logo-sw-2zeilig-PNG.png\",\"contentUrl\":\"http:\/\/transeuropa-festival.de\/2021\/wp-content\/uploads\/2020\/07\/logo-sw-2zeilig-PNG.png\",\"width\":1361,\"height\":527,\"caption\":\"transeuropa e.V.\"},\"image\":{\"@id\":\"https:\/\/transeuropa-festival.de\/2021\/#\/schema\/logo\/image\/\"},\"sameAs\":[\"https:\/\/www.facebook.com\/transeuropahildesheim\/\"]}]}<\/script>\n<!-- \/ Yoast SEO plugin. -->","yoast_head_json":{"title":"Impressum &#187; transeuropa [X]","robots":{"index":"index","follow":"follow","max-snippet":"max-snippet:-1","max-image-preview":"max-image-preview:large","max-video-preview":"max-video-preview:-1"},"canonical":"https:\/\/transeuropa-festival.de\/2021\/impressum\/","og_locale":"de_DE","og_type":"article","og_title":"Impressum &#187; transeuropa [X]","og_url":"https:\/\/transeuropa-festival.de\/2021\/impressum\/","og_site_name":"transeuropa [X]","article_publisher":"https:\/\/www.facebook.com\/transeuropahildesheim\/","article_modified_time":"2021-11-02T17:20:21+00:00","twitter_card":"summary_large_image","schema":{"@context":"https:\/\/schema.org","@graph":[{"@type":"WebPage","@id":"https:\/\/transeuropa-festival.de\/2021\/impressum\/","url":"https:\/\/transeuropa-festival.de\/2021\/impressum\/","name":"Impressum &#187; transeuropa [X]","isPartOf":{"@id":"https:\/\/transeuropa-festival.de\/2021\/#website"},"datePublished":"2020-07-05T15:17:28+00:00","dateModified":"2021-11-02T17:20:21+00:00","breadcrumb":{"@id":"https:\/\/transeuropa-festival.de\/2021\/impressum\/#breadcrumb"},"inLanguage":"de","potentialAction":[{"@type":"ReadAction","target":["https:\/\/transeuropa-festival.de\/2021\/impressum\/"]}]},{"@type":"BreadcrumbList","@id":"https:\/\/transeuropa-festival.de\/2021\/impressum\/#breadcrumb","itemListElement":[{"@type":"ListItem","position":1,"name":"Startseite","item":"https:\/\/transeuropa-festival.de\/2021\/"},{"@type":"ListItem","position":2,"name":"Impressum"}]},{"@type":"WebSite","@id":"https:\/\/transeuropa-festival.de\/2021\/#website","url":"https:\/\/transeuropa-festival.de\/2021\/","name":"transeuropa [X]","description":"EUROP\u00c4ISCHES FESTIVAL F\u00dcR PERFORMATIVE K\u00dcNSTE IN HILDESHEIM","publisher":{"@id":"https:\/\/transeuropa-festival.de\/2021\/#organization"},"potentialAction":[{"@type":"SearchAction","target":{"@type":"EntryPoint","urlTemplate":"https:\/\/transeuropa-festival.de\/2021\/?s={search_term_string}"},"query-input":"required name=search_term_string"}],"inLanguage":"de"},{"@type":"Organization","@id":"https:\/\/transeuropa-festival.de\/2021\/#organization","name":"transeuropa e.V.","url":"https:\/\/transeuropa-festival.de\/2021\/","logo":{"@type":"ImageObject","inLanguage":"de","@id":"https:\/\/transeuropa-festival.de\/2021\/#\/schema\/logo\/image\/","url":"http:\/\/transeuropa-festival.de\/2021\/wp-content\/uploads\/2020\/07\/logo-sw-2zeilig-PNG.png","contentUrl":"http:\/\/transeuropa-festival.de\/2021\/wp-content\/uploads\/2020\/07\/logo-sw-2zeilig-PNG.png","width":1361,"height":527,"caption":"transeuropa e.V."},"image":{"@id":"https:\/\/transeuropa-festival.de\/2021\/#\/schema\/logo\/image\/"},"sameAs":["https:\/\/www.facebook.com\/transeuropahildesheim\/"]}]}},"grid":"{\r\n  \"colCount\": 12,\r\n  \"colGutter\": 1,\r\n  \"rowGutters\": [\r\n    3\r\n  ],\r\n  \"frameMargin\": 4,\r\n  \"topFrameMargin\": 10,\r\n  \"bottomFrameMargin\": 5,\r\n  \"rowAttrs\": [\r\n    {},\r\n    {}\r\n  ],\r\n  \"bgColor\": null,\r\n  \"cont\": [\r\n    {\r\n      \"type\": \"text\",\r\n      \"cont\": \"\",\r\n      \"align\": \"top\",\r\n      \"row\": 0,\r\n      \"col\": 3,\r\n      \"colspan\": 3,\r\n      \"offsetx\": 0,\r\n      \"offsety\": 0,\r\n      \"spaceabove\": 0,\r\n      \"spacebelow\": 0,\r\n      \"yvel\": 1,\r\n      \"push\": 3,\r\n      \"relid\": 48,\r\n      \"frameOverflow\": \"\",\r\n      \"dosync\": false\r\n    },\r\n    {\r\n      \"type\": \"text\",\r\n      \"cont\": \"<h1 class=\\\"_h3\\\"><span style=\\\"text-decoration: underline;\\\"><strong>TRANSEUROPA-FESTIVAL <\/strong><\/span><\/h1><h1 class=\\\"_h3\\\"><span style=\\\"text-decoration: underline;\\\">Angaben gem\u00e4\u00df \u00a7 5 TMG<\/span><br \/><br \/><\/h1><p>\u00a0<\/p><h1 class=\\\"_h3\\\"><strong>transeuropa e.V.<\/strong><br \/><strong>Vorsitz: Bellatrix B. Ziegler<br \/><\/strong><br \/><strong>Universit\u00e4tsplatz 1<\/strong><br \/><strong>31141 Hildesheim<\/strong><\/h1><p>\u00a0<\/p><p class=\\\"_Standard_small\\\">eMail: info@transeuropa-festival.de<br \/>Internet: <a href=\\\"http:\/\/www.transeuropa-festival.de\/2021\\\">http:\/\/www.transeuropa-festival.de\/2021<\/a><\/p><p class=\\\"_Default\\\">\u00a0<\/p><h1 class=\\\"_h3\\\"><span style=\\\"text-decoration: underline;\\\">Verantwortlich f\u00fcr den Inhalt nach \u00a7 55 Abs. 2 RStV:<\/span><\/h1><p class=\\\"_Default\\\"><br \/>transeuropa e.V.<br \/>Universit\u00e4tsplatz<br \/>31141 Hildesheim<\/p><p>\u00a0<\/p><p><span style=\\\"font-family: Adieu-Bold;\\\">Gestaltung<\/span><\/p><h1 class=\\\"_h3\\\">Juliane Gutschmidt<\/h1><p><br \/>\u00ad<\/p><p><span style=\\\"font-family: Adieu-Bold;\\\">Web <strong>Konzept, Design und<br \/><\/strong>Umsetzung:<\/span><\/p><p class=\\\"_Default\\\">Juliane Gutschmidt<strong><em><br \/><\/em><\/strong><\/p><h1 class=\\\"_h3\\\"><br \/><span style=\\\"text-decoration: underline;\\\">Haftungsausschluss:<\/span><\/h1><p><br \/><span style=\\\"font-family: Adieu-Bold;\\\">Haftung f\u00fcr Inhalte<\/span><\/p><p class=\\\"_Default\\\">Die Inhalte unserer Seiten wurden mit gr\u00f6\u00dfter Sorgfalt erstellt. F\u00fcr die Richtigkeit, Vollst\u00e4ndigkeit und Aktualit\u00e4t der Inhalte k\u00f6nnen wir jedoch keine Gew\u00e4hr \u00fcbernehmen. Als Diensteanbieter*innen sind wir gem\u00e4\u00df \u00a7 7 Abs.1 TMG f\u00fcr eigene Inhalte auf diesen Seiten nach den allgemeinen Gesetzen verantwortlich. Nach \u00a7\u00a7 8 bis 10 TMG sind wir als Diensteanbieter*innen jedoch nicht verpflichtet, \u00fcbermittelte oder gespeicherte fremde Informationen zu \u00fcberwachen oder nach Umst\u00e4nden zu forschen, die auf eine rechtswidrige T\u00e4tigkeit hinweisen. Verpflichtungen zur Entfernung oder Sperrung der Nutzung von Informationen nach den allgemeinen Gesetzen bleiben hiervon unber\u00fchrt. Eine diesbez\u00fcgliche Haftung ist jedoch erst ab dem Zeitpunkt der Kenntnis einer konkreten Rechtsverletzung m\u00f6glich. Bei Bekanntwerden von entsprechenden Rechtsverletzungen werden wir diese Inhalte umgehend entfernen.<\/p><p class=\\\"_Default\\\"><br \/><span style=\\\"font-family: Adieu-Bold;\\\">Haftung f\u00fcr Links<\/span><\/p><p class=\\\"_Default\\\">Unser Angebot enth\u00e4lt Links zu externen Webseiten Dritter, auf deren Inhalte wir keinen Einfluss haben. Deshalb k\u00f6nnen wir f\u00fcr diese fremden Inhalte auch keine Gew\u00e4hr \u00fcbernehmen. F\u00fcr die Inhalte der verlinkten Seiten ist stets der jeweilige Anbieter oder Betreiber der Seiten verantwortlich. Die verlinkten Seiten wurden zum Zeitpunkt der Verlinkung auf m\u00f6gliche Rechtsverst\u00f6\u00dfe \u00fcberpr\u00fcft. Rechtswidrige Inhalte waren zum Zeitpunkt der Verlinkung nicht erkennbar. Eine permanente inhaltliche Kontrolle der verlinkten Seiten ist jedoch ohne konkrete Anhaltspunkte einer Rechtsverletzung nicht zumutbar. Bei Bekanntwerden von Rechtsverletzungen werden wir derartige Links umgehend entfernen.<\/p><p><br \/><span style=\\\"font-family: Adieu-Bold;\\\">Urheberrecht<\/span><\/p><p class=\\\"_Default\\\">Die durch die Seitenbetreiber*innen erstellten Inhalte und Werke auf diesen Seiten unterliegen dem deutschen Urheberrecht. Die Vervielf\u00e4ltigung, Bearbeitung, Verbreitung und jede Art der Verwertung au\u00dferhalb der Grenzen des Urheberrechtes bed\u00fcrfen der schriftlichen Zustimmung des*der jeweiligen Autor*in bzw. Ersteller*in. Downloads und Kopien dieser Seite sind nur f\u00fcr den privaten, nicht kommerziellen Gebrauch gestattet. Soweit die Inhalte auf dieser Seite nicht von dem*den Betreiber*in erstellt wurden, werden die Urheber*innenrechte Dritter beachtet. Insbesondere werden Inhalte Dritter als solche gekennzeichnet. Sollten Sie trotzdem auf eine Urheber*innenrechtsverletzung aufmerksam werden, bitten wir um einen entsprechenden Hinweis. Bei Bekanntwerden von Rechtsverletzungen werden wir derartige Inhalte umgehend entfernen.<\/p><p class=\\\"_Default\\\"><br \/><span style=\\\"font-family: Adieu-Bold;\\\">Datenschutz<\/span><\/p><p class=\\\"_Default\\\">Um unsere Datenschutzerkl\u00e4rung zu lesen, klicken Sie bitte hier: Datenschutzerkl\u00e4rung im Sinne der Datenschutz-Grundverordnung der Europ\u00e4ischen Union<\/p>\",\r\n      \"align\": \"top\",\r\n      \"row\": 1,\r\n      \"col\": 2,\r\n      \"colspan\": 7,\r\n      \"offsetx\": 0,\r\n      \"offsety\": 0,\r\n      \"spaceabove\": 0,\r\n      \"spacebelow\": 0,\r\n      \"yvel\": 1,\r\n      \"push\": 2,\r\n      \"relid\": 47,\r\n      \"frameOverflow\": \"\"\r\n    }\r\n  ]\r\n}","phonegrid":"{\r\n  \"colCount\": 1,\r\n  \"colGutter\": \"1\",\r\n  \"rowGutters\": [\r\n    \"5\"\r\n  ],\r\n  \"frameMargin\": \"5\",\r\n  \"topFrameMargin\": \"5\",\r\n  \"bottomFrameMargin\": \"5\",\r\n  \"rowAttrs\": [\r\n    [],\r\n    []\r\n  ],\r\n  \"bgColor\": null,\r\n  \"cont\": [\r\n    {\r\n      \"type\": \"text\",\r\n      \"cont\": \"\",\r\n      \"align\": \"bottom\",\r\n      \"row\": 0,\r\n      \"col\": 0,\r\n      \"colspan\": 1,\r\n      \"offsetx\": 0,\r\n      \"offsety\": 0,\r\n      \"spaceabove\": 0,\r\n      \"spacebelow\": 0,\r\n      \"yvel\": 1,\r\n      \"push\": 0,\r\n      \"relid\": 48,\r\n      \"frameOverflow\": \"\",\r\n      \"dosync\": false\r\n    },\r\n    {\r\n      \"type\": \"text\",\r\n      \"cont\": \"<h1 class=\\\"_h3\\\"><span style=\\\"text-decoration: underline;\\\"><strong>TRANSEUROPA-FESTIVAL <\/strong><\/span><\/h1><h1 class=\\\"_h3\\\"><span style=\\\"text-decoration: underline;\\\">Angaben gem\u00e4\u00df \u00a7 5 TMG<\/span><br \/><br \/><\/h1><p>\u00a0<\/p><h1 class=\\\"_h3\\\"><strong>transeuropa e.V.<\/strong><br \/><strong>Vorsitz: Bellatrix B. Ziegler<br \/><\/strong><br \/><strong>Universit\u00e4tsplatz 1<\/strong><br \/><strong>31141 Hildesheim<\/strong><\/h1><p>\u00a0<\/p><p class=\\\"_Standard_small\\\">eMail: info@transeuropa-festival.de<br \/>Internet: <a href=\\\"http:\/\/www.transeuropa-festival.de\/2021\\\">http:\/\/www.transeuropa-festival.de\/2021<\/a><\/p><p class=\\\"_Default\\\">\u00a0<\/p><h1 class=\\\"_h3\\\"><span style=\\\"text-decoration: underline;\\\">Verantwortlich f\u00fcr den Inhalt nach \u00a7 55 Abs. 2 RStV:<\/span><\/h1><p class=\\\"_Default\\\"><br \/>transeuropa e.V.<br \/>Universit\u00e4tsplatz<br \/>31141 Hildesheim<\/p><p>\u00a0<\/p><p><span style=\\\"font-family: Adieu-Bold;\\\">Gestaltung<\/span><\/p><h1 class=\\\"_h3\\\">Juliane Gutschmidt<\/h1><p><br \/>\u00ad<\/p><p><span style=\\\"font-family: Adieu-Bold;\\\">Web <strong>Konzept, Design und<br \/><\/strong>Umsetzung:<\/span><\/p><p class=\\\"_Default\\\">Juliane Gutschmidt<strong><em><br \/><\/em><\/strong><\/p><h1 class=\\\"_h3\\\"><br \/><span style=\\\"text-decoration: underline;\\\">Haftungsausschluss:<\/span><\/h1><p><br \/><span style=\\\"font-family: Adieu-Bold;\\\">Haftung f\u00fcr Inhalte<\/span><\/p><p class=\\\"_Default\\\">Die Inhalte unserer Seiten wurden mit gr\u00f6\u00dfter Sorgfalt erstellt. F\u00fcr die Richtigkeit, Vollst\u00e4ndigkeit und Aktualit\u00e4t der Inhalte k\u00f6nnen wir jedoch keine Gew\u00e4hr \u00fcbernehmen. Als Diensteanbieter*innen sind wir gem\u00e4\u00df \u00a7 7 Abs.1 TMG f\u00fcr eigene Inhalte auf diesen Seiten nach den allgemeinen Gesetzen verantwortlich. Nach \u00a7\u00a7 8 bis 10 TMG sind wir als Diensteanbieter*innen jedoch nicht verpflichtet, \u00fcbermittelte oder gespeicherte fremde Informationen zu \u00fcberwachen oder nach Umst\u00e4nden zu forschen, die auf eine rechtswidrige T\u00e4tigkeit hinweisen. Verpflichtungen zur Entfernung oder Sperrung der Nutzung von Informationen nach den allgemeinen Gesetzen bleiben hiervon unber\u00fchrt. Eine diesbez\u00fcgliche Haftung ist jedoch erst ab dem Zeitpunkt der Kenntnis einer konkreten Rechtsverletzung m\u00f6glich. Bei Bekanntwerden von entsprechenden Rechtsverletzungen werden wir diese Inhalte umgehend entfernen.<\/p><p class=\\\"_Default\\\"><br \/><span style=\\\"font-family: Adieu-Bold;\\\">Haftung f\u00fcr Links<\/span><\/p><p class=\\\"_Default\\\">Unser Angebot enth\u00e4lt Links zu externen Webseiten Dritter, auf deren Inhalte wir keinen Einfluss haben. Deshalb k\u00f6nnen wir f\u00fcr diese fremden Inhalte auch keine Gew\u00e4hr \u00fcbernehmen. F\u00fcr die Inhalte der verlinkten Seiten ist stets der jeweilige Anbieter oder Betreiber der Seiten verantwortlich. Die verlinkten Seiten wurden zum Zeitpunkt der Verlinkung auf m\u00f6gliche Rechtsverst\u00f6\u00dfe \u00fcberpr\u00fcft. Rechtswidrige Inhalte waren zum Zeitpunkt der Verlinkung nicht erkennbar. Eine permanente inhaltliche Kontrolle der verlinkten Seiten ist jedoch ohne konkrete Anhaltspunkte einer Rechtsverletzung nicht zumutbar. Bei Bekanntwerden von Rechtsverletzungen werden wir derartige Links umgehend entfernen.<\/p><p><br \/><span style=\\\"font-family: Adieu-Bold;\\\">Urheberrecht<\/span><\/p><p class=\\\"_Default\\\">Die durch die Seitenbetreiber*innen erstellten Inhalte und Werke auf diesen Seiten unterliegen dem deutschen Urheberrecht. Die Vervielf\u00e4ltigung, Bearbeitung, Verbreitung und jede Art der Verwertung au\u00dferhalb der Grenzen des Urheberrechtes bed\u00fcrfen der schriftlichen Zustimmung des*der jeweiligen Autor*in bzw. Ersteller*in. Downloads und Kopien dieser Seite sind nur f\u00fcr den privaten, nicht kommerziellen Gebrauch gestattet. Soweit die Inhalte auf dieser Seite nicht von dem*den Betreiber*in erstellt wurden, werden die Urheber*innenrechte Dritter beachtet. Insbesondere werden Inhalte Dritter als solche gekennzeichnet. Sollten Sie trotzdem auf eine Urheber*innenrechtsverletzung aufmerksam werden, bitten wir um einen entsprechenden Hinweis. Bei Bekanntwerden von Rechtsverletzungen werden wir derartige Inhalte umgehend entfernen.<\/p><p class=\\\"_Default\\\"><br \/><span style=\\\"font-family: Adieu-Bold;\\\">Datenschutz<\/span><\/p><p class=\\\"_Default\\\">Um unsere Datenschutzerkl\u00e4rung zu lesen, klicken Sie bitte hier: Datenschutzerkl\u00e4rung im Sinne der Datenschutz-Grundverordnung der Europ\u00e4ischen Union<\/p>\",\r\n      \"align\": \"bottom\",\r\n      \"row\": 1,\r\n      \"col\": 0,\r\n      \"colspan\": 1,\r\n      \"offsetx\": 0,\r\n      \"offsety\": 0,\r\n      \"spaceabove\": 0,\r\n      \"spacebelow\": 0,\r\n      \"yvel\": 1,\r\n      \"push\": 0,\r\n      \"relid\": 47,\r\n      \"frameOverflow\": \"\"\r\n    }\r\n  ]\r\n}","_links":{"self":[{"href":"https:\/\/transeuropa-festival.de\/2021\/wp-json\/wp\/v2\/pages\/217"}],"collection":[{"href":"https:\/\/transeuropa-festival.de\/2021\/wp-json\/wp\/v2\/pages"}],"about":[{"href":"https:\/\/transeuropa-festival.de\/2021\/wp-json\/wp\/v2\/types\/page"}],"author":[{"embeddable":true,"href":"https:\/\/transeuropa-festival.de\/2021\/wp-json\/wp\/v2\/users\/1"}],"replies":[{"embeddable":true,"href":"https:\/\/transeuropa-festival.de\/2021\/wp-json\/wp\/v2\/comments?post=217"}],"version-history":[{"count":0,"href":"https:\/\/transeuropa-festival.de\/2021\/wp-json\/wp\/v2\/pages\/217\/revisions"}],"wp:attachment":[{"href":"https:\/\/transeuropa-festival.de\/2021\/wp-json\/wp\/v2\/media?parent=217"}],"curies":[{"name":"wp","href":"https:\/\/api.w.org\/{rel}","templated":true}]}}