{"id":1749,"date":"2021-05-27T00:41:24","date_gmt":"2021-05-26T22:41:24","guid":{"rendered":"http:\/\/transeuropa-festival.de\/2021\/?page_id=1749"},"modified":"2021-07-17T18:25:25","modified_gmt":"2021-07-17T16:25:25","slug":"mediathek","status":"publish","type":"page","link":"https:\/\/transeuropa-festival.de\/2021\/mediathek\/","title":{"rendered":"Mediathek"},"content":{"rendered":"","protected":false},"excerpt":{"rendered":"","protected":false},"author":1,"featured_media":0,"parent":0,"menu_order":2,"comment_status":"closed","ping_status":"closed","template":"","meta":{"footnotes":""},"yoast_head":"<!-- This site is optimized with the Yoast SEO plugin v21.9.1 - https:\/\/yoast.com\/wordpress\/plugins\/seo\/ -->\n<title>Mediathek &#187; transeuropa [X]<\/title>\n<meta name=\"robots\" content=\"index, follow, max-snippet:-1, max-image-preview:large, max-video-preview:-1\" \/>\n<link rel=\"canonical\" href=\"https:\/\/transeuropa-festival.de\/2021\/mediathek\/\" \/>\n<meta property=\"og:locale\" content=\"de_DE\" \/>\n<meta property=\"og:type\" content=\"article\" \/>\n<meta property=\"og:title\" content=\"Mediathek &#187; transeuropa [X]\" \/>\n<meta property=\"og:url\" content=\"https:\/\/transeuropa-festival.de\/2021\/mediathek\/\" \/>\n<meta property=\"og:site_name\" content=\"transeuropa [X]\" \/>\n<meta property=\"article:publisher\" content=\"https:\/\/www.facebook.com\/transeuropahildesheim\/\" \/>\n<meta property=\"article:modified_time\" content=\"2021-07-17T16:25:25+00:00\" \/>\n<meta name=\"twitter:card\" content=\"summary_large_image\" \/>\n<script type=\"application\/ld+json\" class=\"yoast-schema-graph\">{\"@context\":\"https:\/\/schema.org\",\"@graph\":[{\"@type\":\"WebPage\",\"@id\":\"https:\/\/transeuropa-festival.de\/2021\/mediathek\/\",\"url\":\"https:\/\/transeuropa-festival.de\/2021\/mediathek\/\",\"name\":\"Mediathek &#187; transeuropa [X]\",\"isPartOf\":{\"@id\":\"https:\/\/transeuropa-festival.de\/2021\/#website\"},\"datePublished\":\"2021-05-26T22:41:24+00:00\",\"dateModified\":\"2021-07-17T16:25:25+00:00\",\"breadcrumb\":{\"@id\":\"https:\/\/transeuropa-festival.de\/2021\/mediathek\/#breadcrumb\"},\"inLanguage\":\"de\",\"potentialAction\":[{\"@type\":\"ReadAction\",\"target\":[\"https:\/\/transeuropa-festival.de\/2021\/mediathek\/\"]}]},{\"@type\":\"BreadcrumbList\",\"@id\":\"https:\/\/transeuropa-festival.de\/2021\/mediathek\/#breadcrumb\",\"itemListElement\":[{\"@type\":\"ListItem\",\"position\":1,\"name\":\"Startseite\",\"item\":\"https:\/\/transeuropa-festival.de\/2021\/\"},{\"@type\":\"ListItem\",\"position\":2,\"name\":\"Mediathek\"}]},{\"@type\":\"WebSite\",\"@id\":\"https:\/\/transeuropa-festival.de\/2021\/#website\",\"url\":\"https:\/\/transeuropa-festival.de\/2021\/\",\"name\":\"transeuropa [X]\",\"description\":\"EUROP\u00c4ISCHES FESTIVAL F\u00dcR PERFORMATIVE K\u00dcNSTE IN HILDESHEIM\",\"publisher\":{\"@id\":\"https:\/\/transeuropa-festival.de\/2021\/#organization\"},\"potentialAction\":[{\"@type\":\"SearchAction\",\"target\":{\"@type\":\"EntryPoint\",\"urlTemplate\":\"https:\/\/transeuropa-festival.de\/2021\/?s={search_term_string}\"},\"query-input\":\"required name=search_term_string\"}],\"inLanguage\":\"de\"},{\"@type\":\"Organization\",\"@id\":\"https:\/\/transeuropa-festival.de\/2021\/#organization\",\"name\":\"transeuropa e.V.\",\"url\":\"https:\/\/transeuropa-festival.de\/2021\/\",\"logo\":{\"@type\":\"ImageObject\",\"inLanguage\":\"de\",\"@id\":\"https:\/\/transeuropa-festival.de\/2021\/#\/schema\/logo\/image\/\",\"url\":\"http:\/\/transeuropa-festival.de\/2021\/wp-content\/uploads\/2020\/07\/logo-sw-2zeilig-PNG.png\",\"contentUrl\":\"http:\/\/transeuropa-festival.de\/2021\/wp-content\/uploads\/2020\/07\/logo-sw-2zeilig-PNG.png\",\"width\":1361,\"height\":527,\"caption\":\"transeuropa e.V.\"},\"image\":{\"@id\":\"https:\/\/transeuropa-festival.de\/2021\/#\/schema\/logo\/image\/\"},\"sameAs\":[\"https:\/\/www.facebook.com\/transeuropahildesheim\/\"]}]}<\/script>\n<!-- \/ Yoast SEO plugin. -->","yoast_head_json":{"title":"Mediathek &#187; transeuropa [X]","robots":{"index":"index","follow":"follow","max-snippet":"max-snippet:-1","max-image-preview":"max-image-preview:large","max-video-preview":"max-video-preview:-1"},"canonical":"https:\/\/transeuropa-festival.de\/2021\/mediathek\/","og_locale":"de_DE","og_type":"article","og_title":"Mediathek &#187; transeuropa [X]","og_url":"https:\/\/transeuropa-festival.de\/2021\/mediathek\/","og_site_name":"transeuropa [X]","article_publisher":"https:\/\/www.facebook.com\/transeuropahildesheim\/","article_modified_time":"2021-07-17T16:25:25+00:00","twitter_card":"summary_large_image","schema":{"@context":"https:\/\/schema.org","@graph":[{"@type":"WebPage","@id":"https:\/\/transeuropa-festival.de\/2021\/mediathek\/","url":"https:\/\/transeuropa-festival.de\/2021\/mediathek\/","name":"Mediathek &#187; transeuropa [X]","isPartOf":{"@id":"https:\/\/transeuropa-festival.de\/2021\/#website"},"datePublished":"2021-05-26T22:41:24+00:00","dateModified":"2021-07-17T16:25:25+00:00","breadcrumb":{"@id":"https:\/\/transeuropa-festival.de\/2021\/mediathek\/#breadcrumb"},"inLanguage":"de","potentialAction":[{"@type":"ReadAction","target":["https:\/\/transeuropa-festival.de\/2021\/mediathek\/"]}]},{"@type":"BreadcrumbList","@id":"https:\/\/transeuropa-festival.de\/2021\/mediathek\/#breadcrumb","itemListElement":[{"@type":"ListItem","position":1,"name":"Startseite","item":"https:\/\/transeuropa-festival.de\/2021\/"},{"@type":"ListItem","position":2,"name":"Mediathek"}]},{"@type":"WebSite","@id":"https:\/\/transeuropa-festival.de\/2021\/#website","url":"https:\/\/transeuropa-festival.de\/2021\/","name":"transeuropa [X]","description":"EUROP\u00c4ISCHES FESTIVAL F\u00dcR PERFORMATIVE K\u00dcNSTE IN HILDESHEIM","publisher":{"@id":"https:\/\/transeuropa-festival.de\/2021\/#organization"},"potentialAction":[{"@type":"SearchAction","target":{"@type":"EntryPoint","urlTemplate":"https:\/\/transeuropa-festival.de\/2021\/?s={search_term_string}"},"query-input":"required name=search_term_string"}],"inLanguage":"de"},{"@type":"Organization","@id":"https:\/\/transeuropa-festival.de\/2021\/#organization","name":"transeuropa e.V.","url":"https:\/\/transeuropa-festival.de\/2021\/","logo":{"@type":"ImageObject","inLanguage":"de","@id":"https:\/\/transeuropa-festival.de\/2021\/#\/schema\/logo\/image\/","url":"http:\/\/transeuropa-festival.de\/2021\/wp-content\/uploads\/2020\/07\/logo-sw-2zeilig-PNG.png","contentUrl":"http:\/\/transeuropa-festival.de\/2021\/wp-content\/uploads\/2020\/07\/logo-sw-2zeilig-PNG.png","width":1361,"height":527,"caption":"transeuropa e.V."},"image":{"@id":"https:\/\/transeuropa-festival.de\/2021\/#\/schema\/logo\/image\/"},"sameAs":["https:\/\/www.facebook.com\/transeuropahildesheim\/"]}]}},"grid":"{\r\n  \"colCount\": 12,\r\n  \"colGutter\": 1,\r\n  \"rowGutters\": [\r\n    3,\r\n    5,\r\n    1,\r\n    1,\r\n    3,\r\n    1,\r\n    3,\r\n    3,\r\n    1,\r\n    3\r\n  ],\r\n  \"frameMargin\": 4,\r\n  \"topFrameMargin\": 10,\r\n  \"bottomFrameMargin\": 5,\r\n  \"rowAttrs\": [\r\n    {},\r\n    {},\r\n    {},\r\n    {},\r\n    {},\r\n    {},\r\n    {},\r\n    {},\r\n    {},\r\n    {},\r\n    {}\r\n  ],\r\n  \"bgColor\": null,\r\n  \"cont\": [\r\n    {\r\n      \"type\": \"text\",\r\n      \"cont\": \"\",\r\n      \"align\": \"top\",\r\n      \"row\": 0,\r\n      \"col\": 4,\r\n      \"colspan\": 2,\r\n      \"offsetx\": 0,\r\n      \"offsety\": 0,\r\n      \"spaceabove\": 0,\r\n      \"spacebelow\": 0,\r\n      \"yvel\": 1,\r\n      \"push\": 4,\r\n      \"relid\": 23\r\n    },\r\n    {\r\n      \"type\": \"text\",\r\n      \"cont\": \"<h1 class=\\\"_h3\\\">Mediathek<\/h1>\",\r\n      \"align\": \"top\",\r\n      \"row\": 1,\r\n      \"col\": 2,\r\n      \"colspan\": 6,\r\n      \"offsetx\": 0,\r\n      \"offsety\": 0,\r\n      \"spaceabove\": 0,\r\n      \"spacebelow\": 0,\r\n      \"yvel\": 1,\r\n      \"push\": 2,\r\n      \"relid\": 24,\r\n      \"frameOverflow\": \"\"\r\n    },\r\n    {\r\n      \"type\": \"hr\",\r\n      \"cont\": \"\",\r\n      \"align\": \"bottom\",\r\n      \"row\": 2,\r\n      \"col\": 0,\r\n      \"colspan\": 12,\r\n      \"offsetx\": 0,\r\n      \"offsety\": 0,\r\n      \"spaceabove\": 0,\r\n      \"spacebelow\": 0,\r\n      \"yvel\": 1,\r\n      \"push\": 0,\r\n      \"relid\": 37,\r\n      \"frameOverflow\": \"\",\r\n      \"dosync\": false\r\n    },\r\n    {\r\n      \"type\": \"text\",\r\n      \"cont\": \"<p><strong>Er\u00f6ffnung\u00a0<\/strong><\/p>\",\r\n      \"align\": \"top\",\r\n      \"row\": 3,\r\n      \"col\": 0,\r\n      \"colspan\": 6,\r\n      \"offsetx\": 0,\r\n      \"offsety\": 0,\r\n      \"spaceabove\": 0,\r\n      \"spacebelow\": 0,\r\n      \"yvel\": 1,\r\n      \"push\": 0,\r\n      \"relid\": 27,\r\n      \"frameOverflow\": \"\"\r\n    },\r\n    {\r\n      \"type\": \"text\",\r\n      \"cont\": \"<p><strong>Gru\u00dfworte<\/strong><\/p>\",\r\n      \"align\": \"top\",\r\n      \"row\": 3,\r\n      \"col\": 6,\r\n      \"colspan\": 5,\r\n      \"offsetx\": 0,\r\n      \"offsety\": 0,\r\n      \"spaceabove\": 0,\r\n      \"spacebelow\": 0,\r\n      \"yvel\": 1,\r\n      \"push\": 0,\r\n      \"relid\": 28,\r\n      \"frameOverflow\": \"\"\r\n    },\r\n    {\r\n      \"type\": \"shortcode\",\r\n      \"cont\": \"[embedyt]https:\/\/www.youtube.com\/watch?v=sDcVpNxhNw8[\/embedyt]\",\r\n      \"align\": \"top\",\r\n      \"row\": 4,\r\n      \"col\": 0,\r\n      \"colspan\": 6,\r\n      \"offsetx\": 0,\r\n      \"offsety\": 0,\r\n      \"spaceabove\": 0,\r\n      \"spacebelow\": 0,\r\n      \"yvel\": 1,\r\n      \"push\": 0,\r\n      \"relid\": 25,\r\n      \"shortcodeid\": 1622068658794,\r\n      \"frameOverflow\": \"\"\r\n    },\r\n    {\r\n      \"type\": \"embed\",\r\n      \"cont\": \"<iframe title=\\\"Gru&amp;szlig;worte transeuropa [X]\\\" src=\\\"https:\/\/player.vimeo.com\/video\/553489302?dnt=1&amp;app_id=122963\\\" width=\\\"500\\\" height=\\\"281\\\" frameborder=\\\"0\\\" allow=\\\"autoplay; fullscreen; picture-in-picture\\\" allowfullscreen><\/iframe>\",\r\n      \"align\": \"top\",\r\n      \"row\": 4,\r\n      \"col\": 6,\r\n      \"colspan\": 6,\r\n      \"offsetx\": 0,\r\n      \"offsety\": 0,\r\n      \"spaceabove\": 0,\r\n      \"spacebelow\": 0,\r\n      \"yvel\": 1,\r\n      \"push\": 0,\r\n      \"relid\": 26,\r\n      \"url\": \"https:\/\/vimeo.com\/553489302\/2d597e2b33\",\r\n      \"w\": 500,\r\n      \"h\": 281,\r\n      \"frameOverflow\": \"\"\r\n    },\r\n    {\r\n      \"type\": \"text\",\r\n      \"cont\": \"<p>Diskursprogramm<\/p>\",\r\n      \"align\": \"top\",\r\n      \"row\": 5,\r\n      \"col\": 0,\r\n      \"colspan\": 6,\r\n      \"offsetx\": 0,\r\n      \"offsety\": 0,\r\n      \"spaceabove\": 0,\r\n      \"spacebelow\": 0,\r\n      \"yvel\": 1,\r\n      \"push\": 0,\r\n      \"relid\": 34\r\n    },\r\n    {\r\n      \"type\": \"embed\",\r\n      \"cont\": \"<iframe title=\\\"Vortrag: Wechselwirkungen zwischen Storytelling in Sozialen Medien und Performativen K&amp;uuml;nsten\\\" src=\\\"https:\/\/player.vimeo.com\/video\/558200947?dnt=1&amp;app_id=122963\\\" width=\\\"500\\\" height=\\\"281\\\" frameborder=\\\"0\\\" allow=\\\"autoplay; fullscreen; picture-in-picture\\\" allowfullscreen><\/iframe>\",\r\n      \"align\": \"bottom\",\r\n      \"row\": 6,\r\n      \"col\": 0,\r\n      \"colspan\": 6,\r\n      \"offsetx\": 0,\r\n      \"offsety\": 0,\r\n      \"spaceabove\": 0,\r\n      \"spacebelow\": 0,\r\n      \"yvel\": 1,\r\n      \"push\": 0,\r\n      \"relid\": 33,\r\n      \"url\": \"https:\/\/vimeo.com\/558200947\",\r\n      \"w\": 500,\r\n      \"h\": 281\r\n    },\r\n    {\r\n      \"type\": \"embed\",\r\n      \"cont\": \"<iframe title=\\\"Antirassistische Kulturarbeit\\\" src=\\\"https:\/\/player.vimeo.com\/video\/571355927?dnt=1&amp;app_id=122963\\\" width=\\\"500\\\" height=\\\"281\\\" frameborder=\\\"0\\\" allow=\\\"autoplay; fullscreen; picture-in-picture\\\" allowfullscreen><\/iframe>\",\r\n      \"align\": \"top\",\r\n      \"row\": 6,\r\n      \"col\": 6,\r\n      \"colspan\": 6,\r\n      \"offsetx\": 0,\r\n      \"offsety\": 0,\r\n      \"spaceabove\": 0,\r\n      \"spacebelow\": 0,\r\n      \"yvel\": 1,\r\n      \"push\": 0,\r\n      \"relid\": 29,\r\n      \"url\": \"https:\/\/vimeo.com\/571355927\",\r\n      \"w\": 500,\r\n      \"h\": 281,\r\n      \"frameOverflow\": \"\"\r\n    },\r\n    {\r\n      \"type\": \"embed\",\r\n      \"cont\": \"<iframe title=\\\"Clubgespr&amp;auml;che\\\" src=\\\"https:\/\/player.vimeo.com\/video\/556618876?dnt=1&amp;app_id=122963\\\" width=\\\"500\\\" height=\\\"281\\\" frameborder=\\\"0\\\" allow=\\\"autoplay; fullscreen; picture-in-picture\\\" allowfullscreen><\/iframe>\",\r\n      \"align\": \"top\",\r\n      \"row\": 7,\r\n      \"col\": 0,\r\n      \"colspan\": 6,\r\n      \"offsetx\": 0,\r\n      \"offsety\": 0,\r\n      \"spaceabove\": 0,\r\n      \"spacebelow\": 0,\r\n      \"yvel\": 1,\r\n      \"push\": 0,\r\n      \"relid\": 35,\r\n      \"url\": \"https:\/\/vimeo.com\/556618876\",\r\n      \"w\": 500,\r\n      \"h\": 281\r\n    },\r\n    {\r\n      \"type\": \"text\",\r\n      \"cont\": \"<p>Artist Talks<\/p>\",\r\n      \"align\": \"middle\",\r\n      \"row\": 8,\r\n      \"col\": 0,\r\n      \"colspan\": 6,\r\n      \"offsetx\": 0,\r\n      \"offsety\": 0,\r\n      \"spaceabove\": 0,\r\n      \"spacebelow\": 0,\r\n      \"yvel\": 1,\r\n      \"push\": 0,\r\n      \"relid\": 36,\r\n      \"frameOverflow\": \"\"\r\n    },\r\n    {\r\n      \"type\": \"embed\",\r\n      \"cont\": \"<iframe title=\\\"Isaac Chong Wai Artist Talk\\\" src=\\\"https:\/\/player.vimeo.com\/video\/558196665?dnt=1&amp;app_id=122963\\\" width=\\\"500\\\" height=\\\"281\\\" frameborder=\\\"0\\\" allow=\\\"autoplay; fullscreen; picture-in-picture\\\" allowfullscreen><\/iframe>\",\r\n      \"align\": \"top\",\r\n      \"row\": 9,\r\n      \"col\": 0,\r\n      \"colspan\": 6,\r\n      \"offsetx\": 0,\r\n      \"offsety\": 0,\r\n      \"spaceabove\": 0,\r\n      \"spacebelow\": 0,\r\n      \"yvel\": 1,\r\n      \"push\": 0,\r\n      \"relid\": 32,\r\n      \"url\": \"https:\/\/vimeo.com\/558196665\",\r\n      \"w\": 500,\r\n      \"h\": 281\r\n    },\r\n    {\r\n      \"type\": \"embed\",\r\n      \"cont\": \"<iframe title=\\\"FALLA TALK\\\" src=\\\"https:\/\/player.vimeo.com\/video\/571338857?dnt=1&amp;app_id=122963\\\" width=\\\"500\\\" height=\\\"281\\\" frameborder=\\\"0\\\" allow=\\\"autoplay; fullscreen; picture-in-picture\\\" allowfullscreen><\/iframe>\",\r\n      \"align\": \"top\",\r\n      \"row\": 9,\r\n      \"col\": 6,\r\n      \"colspan\": 6,\r\n      \"offsetx\": 0,\r\n      \"offsety\": 0,\r\n      \"spaceabove\": 0,\r\n      \"spacebelow\": 0,\r\n      \"yvel\": 1,\r\n      \"push\": 0,\r\n      \"relid\": 31,\r\n      \"url\": \"https:\/\/vimeo.com\/571338857\",\r\n      \"w\": 500,\r\n      \"h\": 281\r\n    },\r\n    {\r\n      \"type\": \"embed\",\r\n      \"cont\": \"<iframe title=\\\"Talk Figure it out!\\\" src=\\\"https:\/\/player.vimeo.com\/video\/571355271?dnt=1&amp;app_id=122963\\\" width=\\\"500\\\" height=\\\"281\\\" frameborder=\\\"0\\\" allow=\\\"autoplay; fullscreen; picture-in-picture\\\" allowfullscreen><\/iframe>\",\r\n      \"align\": \"top\",\r\n      \"row\": 10,\r\n      \"col\": 0,\r\n      \"colspan\": 6,\r\n      \"offsetx\": 0,\r\n      \"offsety\": 0,\r\n      \"spaceabove\": 0,\r\n      \"spacebelow\": 0,\r\n      \"yvel\": 1,\r\n      \"push\": 0,\r\n      \"relid\": 30,\r\n      \"url\": \"https:\/\/vimeo.com\/571355271\",\r\n      \"w\": 500,\r\n      \"h\": 281\r\n    }\r\n  ]\r\n}","phonegrid":"{\r\n  \"colCount\": 6,\r\n  \"colGutter\": 1,\r\n  \"rowGutters\": [\r\n    5,\r\n    5,\r\n    \"3\",\r\n    5,\r\n    \"3\",\r\n    5,\r\n    5,\r\n    5,\r\n    5,\r\n    5,\r\n    5,\r\n    5,\r\n    5\r\n  ],\r\n  \"frameMargin\": 5,\r\n  \"topFrameMargin\": 5,\r\n  \"bottomFrameMargin\": 5,\r\n  \"rowAttrs\": [\r\n    {},\r\n    {},\r\n    {},\r\n    {},\r\n    {},\r\n    {},\r\n    {},\r\n    {},\r\n    {},\r\n    {},\r\n    {},\r\n    {},\r\n    {},\r\n    {}\r\n  ],\r\n  \"bgColor\": null,\r\n  \"cont\": [\r\n    {\r\n      \"type\": \"text\",\r\n      \"cont\": \"\",\r\n      \"align\": \"bottom\",\r\n      \"row\": 0,\r\n      \"col\": 0,\r\n      \"colspan\": 3,\r\n      \"offsetx\": 0,\r\n      \"offsety\": 0,\r\n      \"spaceabove\": 0,\r\n      \"spacebelow\": 0,\r\n      \"yvel\": 1,\r\n      \"push\": 0,\r\n      \"relid\": 23\r\n    },\r\n    {\r\n      \"type\": \"text\",\r\n      \"cont\": \"<h1 class=\\\"_h3\\\">Mediathek<\/h1>\",\r\n      \"align\": \"bottom\",\r\n      \"row\": 1,\r\n      \"col\": 0,\r\n      \"colspan\": 4,\r\n      \"offsetx\": 0,\r\n      \"offsety\": 0,\r\n      \"spaceabove\": 0,\r\n      \"spacebelow\": 0,\r\n      \"yvel\": 1,\r\n      \"push\": 0,\r\n      \"relid\": 24,\r\n      \"frameOverflow\": \"\"\r\n    },\r\n    {\r\n      \"type\": \"text\",\r\n      \"cont\": \"<p><strong>Er\u00f6ffnung\u00a0<\/strong><\/p>\",\r\n      \"align\": \"bottom\",\r\n      \"row\": 2,\r\n      \"col\": 0,\r\n      \"colspan\": 4,\r\n      \"offsetx\": 0,\r\n      \"offsety\": 0,\r\n      \"spaceabove\": 0,\r\n      \"spacebelow\": 0,\r\n      \"yvel\": 1,\r\n      \"push\": 0,\r\n      \"relid\": 27,\r\n      \"frameOverflow\": \"\"\r\n    },\r\n    {\r\n      \"type\": \"shortcode\",\r\n      \"cont\": \"[embedyt]https:\/\/www.youtube.com\/watch?v=sDcVpNxhNw8[\/embedyt]\",\r\n      \"align\": \"bottom\",\r\n      \"row\": 3,\r\n      \"col\": 0,\r\n      \"colspan\": 6,\r\n      \"offsetx\": 0,\r\n      \"offsety\": 0,\r\n      \"spaceabove\": 0,\r\n      \"spacebelow\": 0,\r\n      \"yvel\": 1,\r\n      \"push\": 0,\r\n      \"relid\": 25,\r\n      \"shortcodeid\": 1622068658794,\r\n      \"frameOverflow\": \"\"\r\n    },\r\n    {\r\n      \"type\": \"text\",\r\n      \"cont\": \"<p><strong>Gru\u00dfworte<\/strong><\/p>\",\r\n      \"align\": \"bottom\",\r\n      \"row\": 4,\r\n      \"col\": 0,\r\n      \"colspan\": 3,\r\n      \"offsetx\": 0,\r\n      \"offsety\": 0,\r\n      \"spaceabove\": 0,\r\n      \"spacebelow\": 0,\r\n      \"yvel\": 1,\r\n      \"push\": 0,\r\n      \"relid\": 28,\r\n      \"frameOverflow\": \"\"\r\n    },\r\n    {\r\n      \"type\": \"embed\",\r\n      \"cont\": \"<iframe title=\\\"Gru&amp;szlig;worte transeuropa [X]\\\" src=\\\"https:\/\/player.vimeo.com\/video\/553489302?dnt=1&amp;app_id=122963\\\" width=\\\"500\\\" height=\\\"281\\\" frameborder=\\\"0\\\" allow=\\\"autoplay; fullscreen; picture-in-picture\\\" allowfullscreen><\/iframe>\",\r\n      \"align\": \"bottom\",\r\n      \"row\": 5,\r\n      \"col\": 0,\r\n      \"colspan\": 6,\r\n      \"offsetx\": 0,\r\n      \"offsety\": 0,\r\n      \"spaceabove\": 0,\r\n      \"spacebelow\": 0,\r\n      \"yvel\": 1,\r\n      \"push\": 0,\r\n      \"relid\": 26,\r\n      \"url\": \"https:\/\/vimeo.com\/553489302\/2d597e2b33\",\r\n      \"w\": 500,\r\n      \"h\": 281,\r\n      \"frameOverflow\": \"\"\r\n    },\r\n    {\r\n      \"type\": \"text\",\r\n      \"cont\": \"<p>Diskursprogramm<\/p>\",\r\n      \"align\": \"middle\",\r\n      \"row\": 6,\r\n      \"col\": 0,\r\n      \"colspan\": 6,\r\n      \"offsetx\": 0,\r\n      \"offsety\": 0,\r\n      \"spaceabove\": 0,\r\n      \"spacebelow\": 0,\r\n      \"yvel\": 1,\r\n      \"push\": 0,\r\n      \"relid\": 34\r\n    },\r\n    {\r\n      \"type\": \"embed\",\r\n      \"cont\": \"<iframe title=\\\"Vortrag: Wechselwirkungen zwischen Storytelling in Sozialen Medien und Performativen K&amp;uuml;nsten\\\" src=\\\"https:\/\/player.vimeo.com\/video\/558200947?dnt=1&amp;app_id=122963\\\" width=\\\"500\\\" height=\\\"281\\\" frameborder=\\\"0\\\" allow=\\\"autoplay; fullscreen; picture-in-picture\\\" allowfullscreen><\/iframe>\",\r\n      \"align\": \"top\",\r\n      \"row\": 7,\r\n      \"col\": 0,\r\n      \"colspan\": 6,\r\n      \"offsetx\": 0,\r\n      \"offsety\": 0,\r\n      \"spaceabove\": 0,\r\n      \"spacebelow\": 0,\r\n      \"yvel\": 1,\r\n      \"push\": 0,\r\n      \"relid\": 33,\r\n      \"url\": \"https:\/\/vimeo.com\/558200947\",\r\n      \"w\": 500,\r\n      \"h\": 281\r\n    },\r\n    {\r\n      \"type\": \"embed\",\r\n      \"cont\": \"<iframe title=\\\"Antirassistische Kulturarbeit\\\" src=\\\"https:\/\/player.vimeo.com\/video\/571355927?dnt=1&amp;app_id=122963\\\" width=\\\"500\\\" height=\\\"281\\\" frameborder=\\\"0\\\" allow=\\\"autoplay; fullscreen; picture-in-picture\\\" allowfullscreen><\/iframe>\",\r\n      \"align\": \"top\",\r\n      \"row\": 8,\r\n      \"col\": 0,\r\n      \"colspan\": 6,\r\n      \"offsetx\": 0,\r\n      \"offsety\": 0,\r\n      \"spaceabove\": 0,\r\n      \"spacebelow\": 0,\r\n      \"yvel\": 1,\r\n      \"push\": 0,\r\n      \"relid\": 29,\r\n      \"url\": \"https:\/\/vimeo.com\/571355927\",\r\n      \"w\": 500,\r\n      \"h\": 281,\r\n      \"frameOverflow\": \"\"\r\n    },\r\n    {\r\n      \"type\": \"embed\",\r\n      \"cont\": \"<iframe title=\\\"Clubgespr&amp;auml;che\\\" src=\\\"https:\/\/player.vimeo.com\/video\/556618876?dnt=1&amp;app_id=122963\\\" width=\\\"500\\\" height=\\\"281\\\" frameborder=\\\"0\\\" allow=\\\"autoplay; fullscreen; picture-in-picture\\\" allowfullscreen><\/iframe>\",\r\n      \"align\": \"top\",\r\n      \"row\": 9,\r\n      \"col\": 0,\r\n      \"colspan\": 6,\r\n      \"offsetx\": 0,\r\n      \"offsety\": 0,\r\n      \"spaceabove\": 0,\r\n      \"spacebelow\": 0,\r\n      \"yvel\": 1,\r\n      \"push\": 0,\r\n      \"relid\": 35,\r\n      \"url\": \"https:\/\/vimeo.com\/556618876\",\r\n      \"w\": 500,\r\n      \"h\": 281\r\n    },\r\n    {\r\n      \"type\": \"text\",\r\n      \"cont\": \"<p>Artist Talks<\/p>\",\r\n      \"align\": \"middle\",\r\n      \"row\": 10,\r\n      \"col\": 0,\r\n      \"colspan\": 6,\r\n      \"offsetx\": 0,\r\n      \"offsety\": 0,\r\n      \"spaceabove\": 0,\r\n      \"spacebelow\": 0,\r\n      \"yvel\": 1,\r\n      \"push\": 0,\r\n      \"relid\": 36,\r\n      \"frameOverflow\": \"\"\r\n    },\r\n    {\r\n      \"type\": \"embed\",\r\n      \"cont\": \"<iframe title=\\\"Isaac Chong Wai Artist Talk\\\" src=\\\"https:\/\/player.vimeo.com\/video\/558196665?dnt=1&amp;app_id=122963\\\" width=\\\"500\\\" height=\\\"281\\\" frameborder=\\\"0\\\" allow=\\\"autoplay; fullscreen; picture-in-picture\\\" allowfullscreen><\/iframe>\",\r\n      \"align\": \"top\",\r\n      \"row\": 11,\r\n      \"col\": 0,\r\n      \"colspan\": 6,\r\n      \"offsetx\": 0,\r\n      \"offsety\": 0,\r\n      \"spaceabove\": 0,\r\n      \"spacebelow\": 0,\r\n      \"yvel\": 1,\r\n      \"push\": 0,\r\n      \"relid\": 32,\r\n      \"url\": \"https:\/\/vimeo.com\/558196665\",\r\n      \"w\": 500,\r\n      \"h\": 281\r\n    },\r\n    {\r\n      \"type\": \"embed\",\r\n      \"cont\": \"<iframe title=\\\"FALLA TALK\\\" src=\\\"https:\/\/player.vimeo.com\/video\/571338857?dnt=1&amp;app_id=122963\\\" width=\\\"500\\\" height=\\\"281\\\" frameborder=\\\"0\\\" allow=\\\"autoplay; fullscreen; picture-in-picture\\\" allowfullscreen><\/iframe>\",\r\n      \"align\": \"top\",\r\n      \"row\": 12,\r\n      \"col\": 0,\r\n      \"colspan\": 6,\r\n      \"offsetx\": 0,\r\n      \"offsety\": 0,\r\n      \"spaceabove\": 0,\r\n      \"spacebelow\": 0,\r\n      \"yvel\": 1,\r\n      \"push\": 0,\r\n      \"relid\": 31,\r\n      \"url\": \"https:\/\/vimeo.com\/571338857\",\r\n      \"w\": 500,\r\n      \"h\": 281\r\n    },\r\n    {\r\n      \"type\": \"embed\",\r\n      \"cont\": \"<iframe title=\\\"Talk Figure it out!\\\" src=\\\"https:\/\/player.vimeo.com\/video\/571355271?dnt=1&amp;app_id=122963\\\" width=\\\"500\\\" height=\\\"281\\\" frameborder=\\\"0\\\" allow=\\\"autoplay; fullscreen; picture-in-picture\\\" allowfullscreen><\/iframe>\",\r\n      \"align\": \"top\",\r\n      \"row\": 13,\r\n      \"col\": 0,\r\n      \"colspan\": 6,\r\n      \"offsetx\": 0,\r\n      \"offsety\": 0,\r\n      \"spaceabove\": 0,\r\n      \"spacebelow\": 0,\r\n      \"yvel\": 1,\r\n      \"push\": 0,\r\n      \"relid\": 30,\r\n      \"url\": \"https:\/\/vimeo.com\/571355271\",\r\n      \"w\": 500,\r\n      \"h\": 281\r\n    }\r\n  ]\r\n}","_links":{"self":[{"href":"https:\/\/transeuropa-festival.de\/2021\/wp-json\/wp\/v2\/pages\/1749"}],"collection":[{"href":"https:\/\/transeuropa-festival.de\/2021\/wp-json\/wp\/v2\/pages"}],"about":[{"href":"https:\/\/transeuropa-festival.de\/2021\/wp-json\/wp\/v2\/types\/page"}],"author":[{"embeddable":true,"href":"https:\/\/transeuropa-festival.de\/2021\/wp-json\/wp\/v2\/users\/1"}],"replies":[{"embeddable":true,"href":"https:\/\/transeuropa-festival.de\/2021\/wp-json\/wp\/v2\/comments?post=1749"}],"version-history":[{"count":0,"href":"https:\/\/transeuropa-festival.de\/2021\/wp-json\/wp\/v2\/pages\/1749\/revisions"}],"wp:attachment":[{"href":"https:\/\/transeuropa-festival.de\/2021\/wp-json\/wp\/v2\/media?parent=1749"}],"curies":[{"name":"wp","href":"https:\/\/api.w.org\/{rel}","templated":true}]}}