{"id":1704,"date":"2021-05-23T20:51:06","date_gmt":"2020-06-20T13:00:55","guid":{"rendered":"http:\/\/transeuropa-festival.de\/2021\/festival-einfache-sprache-2\/"},"modified":"2021-05-23T23:51:35","modified_gmt":"2021-05-23T21:51:35","slug":"freiluftkino-einfache-sprache","status":"publish","type":"page","link":"https:\/\/transeuropa-festival.de\/2021\/freiluftkino-einfache-sprache\/","title":{"rendered":"Freiluftkino &#8211; Einfache Sprache"},"content":{"rendered":"","protected":false},"excerpt":{"rendered":"","protected":false},"author":1,"featured_media":0,"parent":0,"menu_order":3,"comment_status":"closed","ping_status":"open","template":"","meta":{"footnotes":""},"yoast_head":"<!-- This site is optimized with the Yoast SEO plugin v21.9.1 - https:\/\/yoast.com\/wordpress\/plugins\/seo\/ -->\n<title>transeuropa [X] \u00dcber das Festival - Einfache Sprache<\/title>\n<meta name=\"description\" content=\"Freiluftkino - Einfache Sprache\" \/>\n<meta name=\"robots\" content=\"index, follow, max-snippet:-1, max-image-preview:large, max-video-preview:-1\" \/>\n<link rel=\"canonical\" href=\"https:\/\/transeuropa-festival.de\/2021\/freiluftkino-einfache-sprache\/\" \/>\n<meta property=\"og:locale\" content=\"de_DE\" \/>\n<meta property=\"og:type\" content=\"article\" \/>\n<meta property=\"og:title\" content=\"transeuropa [X] EUROP\u00c4ISCHES FESTIVAL F\u00dcR PERFORMATIVE K\u00dcNSTE IN HILDESHEIM\" \/>\n<meta property=\"og:description\" content=\"Freiluftkino - Einfache Sprache\" \/>\n<meta property=\"og:url\" content=\"https:\/\/transeuropa-festival.de\/2021\/freiluftkino-einfache-sprache\/\" \/>\n<meta property=\"og:site_name\" content=\"transeuropa [X]\" \/>\n<meta property=\"article:publisher\" content=\"https:\/\/www.facebook.com\/transeuropahildesheim\/\" \/>\n<meta property=\"article:modified_time\" content=\"2021-05-23T21:51:35+00:00\" \/>\n<meta property=\"og:image\" content=\"http:\/\/transeuropa-festival.de\/2021\/wp-content\/uploads\/2020\/07\/logo-keyvisuals-landsc9-102.jpg\" \/>\n\t<meta property=\"og:image:width\" content=\"1667\" \/>\n\t<meta property=\"og:image:height\" content=\"1111\" \/>\n\t<meta property=\"og:image:type\" content=\"image\/jpeg\" \/>\n<meta name=\"twitter:card\" content=\"summary_large_image\" \/>\n<meta name=\"twitter:image\" content=\"https:\/\/transeuropa-festival.de\/2021\/wp-content\/uploads\/2020\/07\/logo-keyvisuals-squareJulianeGutschmidt.jpg\" \/>\n<script type=\"application\/ld+json\" class=\"yoast-schema-graph\">{\"@context\":\"https:\/\/schema.org\",\"@graph\":[{\"@type\":\"WebPage\",\"@id\":\"https:\/\/transeuropa-festival.de\/2021\/freiluftkino-einfache-sprache\/\",\"url\":\"https:\/\/transeuropa-festival.de\/2021\/freiluftkino-einfache-sprache\/\",\"name\":\"transeuropa [X] \u00dcber das Festival - Einfache Sprache\",\"isPartOf\":{\"@id\":\"https:\/\/transeuropa-festival.de\/2021\/#website\"},\"datePublished\":\"2020-06-20T13:00:55+00:00\",\"dateModified\":\"2021-05-23T21:51:35+00:00\",\"description\":\"Freiluftkino - Einfache Sprache\",\"breadcrumb\":{\"@id\":\"https:\/\/transeuropa-festival.de\/2021\/freiluftkino-einfache-sprache\/#breadcrumb\"},\"inLanguage\":\"de\",\"potentialAction\":[{\"@type\":\"ReadAction\",\"target\":[\"https:\/\/transeuropa-festival.de\/2021\/freiluftkino-einfache-sprache\/\"]}]},{\"@type\":\"BreadcrumbList\",\"@id\":\"https:\/\/transeuropa-festival.de\/2021\/freiluftkino-einfache-sprache\/#breadcrumb\",\"itemListElement\":[{\"@type\":\"ListItem\",\"position\":1,\"name\":\"Startseite\",\"item\":\"https:\/\/transeuropa-festival.de\/2021\/\"},{\"@type\":\"ListItem\",\"position\":2,\"name\":\"Freiluftkino &#8211; Einfache Sprache\"}]},{\"@type\":\"WebSite\",\"@id\":\"https:\/\/transeuropa-festival.de\/2021\/#website\",\"url\":\"https:\/\/transeuropa-festival.de\/2021\/\",\"name\":\"transeuropa [X]\",\"description\":\"EUROP\u00c4ISCHES FESTIVAL F\u00dcR PERFORMATIVE K\u00dcNSTE IN HILDESHEIM\",\"publisher\":{\"@id\":\"https:\/\/transeuropa-festival.de\/2021\/#organization\"},\"potentialAction\":[{\"@type\":\"SearchAction\",\"target\":{\"@type\":\"EntryPoint\",\"urlTemplate\":\"https:\/\/transeuropa-festival.de\/2021\/?s={search_term_string}\"},\"query-input\":\"required name=search_term_string\"}],\"inLanguage\":\"de\"},{\"@type\":\"Organization\",\"@id\":\"https:\/\/transeuropa-festival.de\/2021\/#organization\",\"name\":\"transeuropa e.V.\",\"url\":\"https:\/\/transeuropa-festival.de\/2021\/\",\"logo\":{\"@type\":\"ImageObject\",\"inLanguage\":\"de\",\"@id\":\"https:\/\/transeuropa-festival.de\/2021\/#\/schema\/logo\/image\/\",\"url\":\"http:\/\/transeuropa-festival.de\/2021\/wp-content\/uploads\/2020\/07\/logo-sw-2zeilig-PNG.png\",\"contentUrl\":\"http:\/\/transeuropa-festival.de\/2021\/wp-content\/uploads\/2020\/07\/logo-sw-2zeilig-PNG.png\",\"width\":1361,\"height\":527,\"caption\":\"transeuropa e.V.\"},\"image\":{\"@id\":\"https:\/\/transeuropa-festival.de\/2021\/#\/schema\/logo\/image\/\"},\"sameAs\":[\"https:\/\/www.facebook.com\/transeuropahildesheim\/\"]}]}<\/script>\n<!-- \/ Yoast SEO plugin. -->","yoast_head_json":{"title":"transeuropa [X] \u00dcber das Festival - Einfache Sprache","description":"Freiluftkino - Einfache Sprache","robots":{"index":"index","follow":"follow","max-snippet":"max-snippet:-1","max-image-preview":"max-image-preview:large","max-video-preview":"max-video-preview:-1"},"canonical":"https:\/\/transeuropa-festival.de\/2021\/freiluftkino-einfache-sprache\/","og_locale":"de_DE","og_type":"article","og_title":"transeuropa [X] EUROP\u00c4ISCHES FESTIVAL F\u00dcR PERFORMATIVE K\u00dcNSTE IN HILDESHEIM","og_description":"Freiluftkino - Einfache Sprache","og_url":"https:\/\/transeuropa-festival.de\/2021\/freiluftkino-einfache-sprache\/","og_site_name":"transeuropa [X]","article_publisher":"https:\/\/www.facebook.com\/transeuropahildesheim\/","article_modified_time":"2021-05-23T21:51:35+00:00","og_image":[{"width":1667,"height":1111,"url":"http:\/\/transeuropa-festival.de\/2021\/wp-content\/uploads\/2020\/07\/logo-keyvisuals-landsc9-102.jpg","type":"image\/jpeg"}],"twitter_card":"summary_large_image","twitter_image":"https:\/\/transeuropa-festival.de\/2021\/wp-content\/uploads\/2020\/07\/logo-keyvisuals-squareJulianeGutschmidt.jpg","schema":{"@context":"https:\/\/schema.org","@graph":[{"@type":"WebPage","@id":"https:\/\/transeuropa-festival.de\/2021\/freiluftkino-einfache-sprache\/","url":"https:\/\/transeuropa-festival.de\/2021\/freiluftkino-einfache-sprache\/","name":"transeuropa [X] \u00dcber das Festival - Einfache Sprache","isPartOf":{"@id":"https:\/\/transeuropa-festival.de\/2021\/#website"},"datePublished":"2020-06-20T13:00:55+00:00","dateModified":"2021-05-23T21:51:35+00:00","description":"Freiluftkino - Einfache Sprache","breadcrumb":{"@id":"https:\/\/transeuropa-festival.de\/2021\/freiluftkino-einfache-sprache\/#breadcrumb"},"inLanguage":"de","potentialAction":[{"@type":"ReadAction","target":["https:\/\/transeuropa-festival.de\/2021\/freiluftkino-einfache-sprache\/"]}]},{"@type":"BreadcrumbList","@id":"https:\/\/transeuropa-festival.de\/2021\/freiluftkino-einfache-sprache\/#breadcrumb","itemListElement":[{"@type":"ListItem","position":1,"name":"Startseite","item":"https:\/\/transeuropa-festival.de\/2021\/"},{"@type":"ListItem","position":2,"name":"Freiluftkino &#8211; Einfache Sprache"}]},{"@type":"WebSite","@id":"https:\/\/transeuropa-festival.de\/2021\/#website","url":"https:\/\/transeuropa-festival.de\/2021\/","name":"transeuropa [X]","description":"EUROP\u00c4ISCHES FESTIVAL F\u00dcR PERFORMATIVE K\u00dcNSTE IN HILDESHEIM","publisher":{"@id":"https:\/\/transeuropa-festival.de\/2021\/#organization"},"potentialAction":[{"@type":"SearchAction","target":{"@type":"EntryPoint","urlTemplate":"https:\/\/transeuropa-festival.de\/2021\/?s={search_term_string}"},"query-input":"required name=search_term_string"}],"inLanguage":"de"},{"@type":"Organization","@id":"https:\/\/transeuropa-festival.de\/2021\/#organization","name":"transeuropa e.V.","url":"https:\/\/transeuropa-festival.de\/2021\/","logo":{"@type":"ImageObject","inLanguage":"de","@id":"https:\/\/transeuropa-festival.de\/2021\/#\/schema\/logo\/image\/","url":"http:\/\/transeuropa-festival.de\/2021\/wp-content\/uploads\/2020\/07\/logo-sw-2zeilig-PNG.png","contentUrl":"http:\/\/transeuropa-festival.de\/2021\/wp-content\/uploads\/2020\/07\/logo-sw-2zeilig-PNG.png","width":1361,"height":527,"caption":"transeuropa e.V."},"image":{"@id":"https:\/\/transeuropa-festival.de\/2021\/#\/schema\/logo\/image\/"},"sameAs":["https:\/\/www.facebook.com\/transeuropahildesheim\/"]}]}},"grid":"{\r\n  \"colCount\": 12,\r\n  \"colGutter\": 1,\r\n  \"rowGutters\": [\r\n    2,\r\n    \"5\",\r\n    3\r\n  ],\r\n  \"frameMargin\": 4,\r\n  \"topFrameMargin\": 10,\r\n  \"bottomFrameMargin\": 0,\r\n  \"rowAttrs\": [\r\n    {},\r\n    {},\r\n    {},\r\n    {\r\n      \"bgimage\": {\r\n        \"attid\": 386,\r\n        \"url\": \"\/wp-content\/uploads\/2020\/07\/Pixelated-nature-PIXEL1.png\",\r\n        \"sizes\": {\r\n          \"_2560\": {\r\n            \"w\": 2560,\r\n            \"h\": 1128,\r\n            \"url\": \"\/wp-content\/uploads\/2020\/07\/Pixelated-nature-PIXEL1-2560x1128.png\"\r\n          },\r\n          \"_1920\": {\r\n            \"w\": 1920,\r\n            \"h\": 846,\r\n            \"url\": \"\/wp-content\/uploads\/2020\/07\/Pixelated-nature-PIXEL1-1920x846.png\"\r\n          },\r\n          \"_1280\": {\r\n            \"w\": 1280,\r\n            \"h\": 564,\r\n            \"url\": \"\/wp-content\/uploads\/2020\/07\/Pixelated-nature-PIXEL1-1280x564.png\"\r\n          },\r\n          \"_1024\": {\r\n            \"w\": 1024,\r\n            \"h\": 451,\r\n            \"url\": \"\/wp-content\/uploads\/2020\/07\/Pixelated-nature-PIXEL1-1024x451.png\"\r\n          },\r\n          \"_768\": {\r\n            \"w\": 768,\r\n            \"h\": 338,\r\n            \"url\": \"\/wp-content\/uploads\/2020\/07\/Pixelated-nature-PIXEL1-768x338.png\"\r\n          },\r\n          \"_512\": {\r\n            \"w\": 512,\r\n            \"h\": 226,\r\n            \"url\": \"\/wp-content\/uploads\/2020\/07\/Pixelated-nature-PIXEL1-512x226.png\"\r\n          },\r\n          \"_265\": {\r\n            \"w\": 265,\r\n            \"h\": 117,\r\n            \"url\": \"\/wp-content\/uploads\/2020\/07\/Pixelated-nature-PIXEL1-265x117.png\"\r\n          }\r\n        }\r\n      },\r\n      \"row100vh\": true\r\n    }\r\n  ],\r\n  \"bgColor\": null,\r\n  \"cont\": [\r\n    {\r\n      \"type\": \"text\",\r\n      \"cont\": \"<h1 class=\\\"_LeichteSpraHead\\\"><b>Freiluftkino<\/b><\/h1>\",\r\n      \"align\": \"top\",\r\n      \"row\": 0,\r\n      \"col\": 2,\r\n      \"colspan\": 7,\r\n      \"offsetx\": 0,\r\n      \"offsety\": 0,\r\n      \"spaceabove\": 0,\r\n      \"spacebelow\": 0,\r\n      \"yvel\": 1,\r\n      \"push\": 2,\r\n      \"relid\": 48,\r\n      \"frameOverflow\": \"\"\r\n    },\r\n    {\r\n      \"type\": \"text\",\r\n      \"cont\": \"<p class=\\\"_LeichteSprache\\\"><span style=\\\"font-weight: 400;\\\">Liebe G\u00e4ste,<\/span><\/p><p class=\\\"_LeichteSprache\\\"><span style=\\\"font-weight: 400;\\\">auf der Dom\u00e4ne\u00a0 Marienburg haben wir ein Freiluft-Kino f\u00fcr euch aufgebaut. In unserem Freiluft-Kino k\u00f6nnt ihr viele Veranstaltungen als Video oder Stream (Echtzeit-\u00dcbertragung) sehen. Jeden Abend zeigen wird dort ein Video oder Stream auf einer gro\u00dfen Leinwand.<\/span><\/p><p class=\\\"_LeichteSprache\\\"><span style=\\\"font-weight: 400;\\\">Wir freuen uns auf euch!<\/span><\/p><p class=\\\"_LeichteSprache\\\">\u00a0<\/p><h1 class=\\\"_LeichteSpraHead\\\"><b>Corona-Regeln<\/b><\/h1><p class=\\\"_LeichteSprache\\\"><span style=\\\"font-weight: 400;\\\">Wir wollen, dass ihr euch bei uns auf dem Gel\u00e4nde sicher f\u00fchlt. Deshalb achten wir auf die aktuellen Corona-Regeln. Und wir bitten euch die Regeln zu beachten: Auf dem Gel\u00e4nde m\u00fcsst ihr eine Maske tragen und Abstand zu anderen Menschen halten.\u00a0<\/span><\/p><p class=\\\"_LeichteSprache\\\"><span style=\\\"font-weight: 400;\\\">Ihr m\u00f6chtet zum Freiluft-Kino kommen? Dann braucht ihr einen negativen Corona-Test. Der Test darf nicht \u00e4lter als 24 Stunden sein.<\/span><\/p><p class=\\\"_LeichteSprache\\\">\u00a0<\/p><h1 class=\\\"_LeichteSpraHead\\\"><b>Ticket-Kauf<\/b><\/h1><p class=\\\"_LeichteSprache\\\"><span style=\\\"font-weight: 400;\\\">Ihr k\u00f6nnt die Tickets <a rel=\\\"noopener\\\" href=\\\"https:\/\/t.rausgegangen.de\/tickets\/shop\/prasenzveranstaltungen-transeuropa-x-enter-the-collective-vi?search=freiluftkino&amp;order=start_time\\\" target=\\\"_blank\\\"><span style=\\\"text-decoration: underline;\\\"><strong>online<\/strong> <\/span><\/a>oder vor Ort kaufen.<\/span><\/p><p class=\\\"_LeichteSprache\\\"><span style=\\\"font-weight: 400;\\\">Ihr entscheidet selbst, wie viel ihr bezahlt (4,50 \u20ac - 15 \u20ac).<\/span><\/p><p>\u00a0<\/p><h1 class=\\\"_LeichteSpraHead\\\"><b>Kinoprogramm<\/b><span style=\\\"font-weight: 400;\\\">:<\/span><\/h1><table border=\\\"0\\\"><tbody><tr><td><p class=\\\"_LeichteSprache\\\"><span style=\\\"font-weight: 400;\\\">Di. 25.05. 21 Uhr<\/span><\/p><\/td><td><p class=\\\"_LeichteSprache\\\"><span style=\\\"font-weight: 400;\\\">AUTOTOMIE: der Gastgeberk\u00f6rper<\/span><\/p><\/td><\/tr><tr><td><p class=\\\"_LeichteSprache\\\"><span style=\\\"font-weight: 400;\\\">Mi. 26.05. 21 Uhr\u00a0<\/span><\/p><\/td><td><p class=\\\"_LeichteSprache\\\"><span style=\\\"font-weight: 400;\\\">Torque Vulnerati<\/span><\/p><\/td><\/tr><tr><td><p class=\\\"_LeichteSprache\\\"><span style=\\\"font-weight: 400;\\\">Do. 27.05. 21 Uhr<\/span><\/p><\/td><td><p class=\\\"_LeichteSprache\\\"><span style=\\\"font-weight: 400;\\\">FALLA<\/span><\/p><\/td><\/tr><tr><td><p class=\\\"_LeichteSprache\\\"><span style=\\\"font-weight: 400;\\\">Fr. 28.05. 21 Uhr<\/span><\/p><\/td><td><p class=\\\"_LeichteSprache\\\"><span style=\\\"font-weight: 400;\\\">Portraits und REUNION BAY<\/span><\/p><\/td><\/tr><tr><td><p class=\\\"_LeichteSprache\\\"><span style=\\\"font-weight: 400;\\\">Sa. 29.05. 21 Uhr\u00a0<\/span><\/p><\/td><td><p class=\\\"_LeichteSprache\\\"><span style=\\\"font-weight: 400;\\\">Figure it out!\u00a0<\/span><\/p><\/td><\/tr><tr><td><p class=\\\"_LeichteSprache\\\"><span style=\\\"font-weight: 400;\\\">So. 30.05. 21 Uhr<\/span><\/p><\/td><td><p class=\\\"_LeichteSprache\\\"><span style=\\\"font-weight: 400;\\\">Arriving, Now\u00a0<\/span><\/p><\/td><\/tr><\/tbody><\/table>\",\r\n      \"align\": \"top\",\r\n      \"row\": 1,\r\n      \"col\": 2,\r\n      \"colspan\": 6,\r\n      \"offsetx\": 0,\r\n      \"offsety\": 0,\r\n      \"spaceabove\": 0,\r\n      \"spacebelow\": 0,\r\n      \"yvel\": 1,\r\n      \"push\": 2,\r\n      \"relid\": 5,\r\n      \"frameOverflow\": \"\"\r\n    },\r\n    {\r\n      \"type\": \"text\",\r\n      \"cont\": \"<h1 class=\\\"_LeichteSpraHead\\\"><b>Adresse Freiluft-Kino<\/b><\/h1><p>\u00a0<\/p><p class=\\\"_LeichteSprache\\\"><span style=\\\"font-weight: 400;\\\">Campus Dom\u00e4ne Marienburg<\/span><\/p><p class=\\\"_LeichteSprache\\\"><span style=\\\"font-weight: 400;\\\">Dom\u00e4nenstra\u00dfe 2<\/span><\/p><p class=\\\"_LeichteSprache\\\"><span style=\\\"font-weight: 400;\\\">31141 Hildesheim<\/span><\/p><p class=\\\"_LeichteSprache\\\"><br \/><br \/><\/p><p class=\\\"_LeichteSprache\\\"><strong>\u2190 <a href=\\\"http:\/\/transeuropa-festival.de\/2021\/festival-einfache-sprache\/\\\" data-type=\\\"page\\\" data-id=\\\"2\\\" data-title=\\\"TRANSEUROPA\\\">Zur\u00fcck<\/a><\/strong><\/p><p class=\\\"_LeichteSprache\\\">\u00a0<\/p>\",\r\n      \"align\": \"top\",\r\n      \"row\": 2,\r\n      \"col\": 2,\r\n      \"colspan\": 6,\r\n      \"offsetx\": 0,\r\n      \"offsety\": 0,\r\n      \"spaceabove\": 0,\r\n      \"spacebelow\": 0,\r\n      \"yvel\": 1,\r\n      \"push\": 2,\r\n      \"relid\": 25,\r\n      \"frameOverflow\": \"\"\r\n    }\r\n  ]\r\n}","phonegrid":"{\r\n  \"colCount\": 12,\r\n  \"colGutter\": 1,\r\n  \"rowGutters\": [\r\n    5,\r\n    5,\r\n    5\r\n  ],\r\n  \"frameMargin\": 5,\r\n  \"topFrameMargin\": 5,\r\n  \"bottomFrameMargin\": 0,\r\n  \"rowAttrs\": [\r\n    [],\r\n    [],\r\n    [],\r\n    {\r\n      \"bgimage\": {\r\n        \"attid\": 386,\r\n        \"url\": \"\/wp-content\/uploads\/2020\/07\/Pixelated-nature-PIXEL1.png\",\r\n        \"sizes\": {\r\n          \"_2560\": {\r\n            \"w\": 2560,\r\n            \"h\": 1128,\r\n            \"url\": \"\/wp-content\/uploads\/2020\/07\/Pixelated-nature-PIXEL1-2560x1128.png\"\r\n          },\r\n          \"_1920\": {\r\n            \"w\": 1920,\r\n            \"h\": 846,\r\n            \"url\": \"\/wp-content\/uploads\/2020\/07\/Pixelated-nature-PIXEL1-1920x846.png\"\r\n          },\r\n          \"_1280\": {\r\n            \"w\": 1280,\r\n            \"h\": 564,\r\n            \"url\": \"\/wp-content\/uploads\/2020\/07\/Pixelated-nature-PIXEL1-1280x564.png\"\r\n          },\r\n          \"_1024\": {\r\n            \"w\": 1024,\r\n            \"h\": 451,\r\n            \"url\": \"\/wp-content\/uploads\/2020\/07\/Pixelated-nature-PIXEL1-1024x451.png\"\r\n          },\r\n          \"_768\": {\r\n            \"w\": 768,\r\n            \"h\": 338,\r\n            \"url\": \"\/wp-content\/uploads\/2020\/07\/Pixelated-nature-PIXEL1-768x338.png\"\r\n          },\r\n          \"_512\": {\r\n            \"w\": 512,\r\n            \"h\": 226,\r\n            \"url\": \"\/wp-content\/uploads\/2020\/07\/Pixelated-nature-PIXEL1-512x226.png\"\r\n          },\r\n          \"_265\": {\r\n            \"w\": 265,\r\n            \"h\": 117,\r\n            \"url\": \"\/wp-content\/uploads\/2020\/07\/Pixelated-nature-PIXEL1-265x117.png\"\r\n          }\r\n        }\r\n      }\r\n    }\r\n  ],\r\n  \"bgColor\": null,\r\n  \"cont\": [\r\n    {\r\n      \"type\": \"text\",\r\n      \"cont\": \"<h1 class=\\\"_LeichteSpraHead\\\"><b>Freiluftkino<\/b><\/h1>\",\r\n      \"align\": \"bottom\",\r\n      \"row\": 0,\r\n      \"col\": 0,\r\n      \"colspan\": 12,\r\n      \"offsetx\": 0,\r\n      \"offsety\": 0,\r\n      \"spaceabove\": 0,\r\n      \"spacebelow\": 0,\r\n      \"yvel\": 1,\r\n      \"push\": 0,\r\n      \"relid\": 48,\r\n      \"frameOverflow\": \"\"\r\n    },\r\n    {\r\n      \"type\": \"text\",\r\n      \"cont\": \"<p class=\\\"_LeichteSprache\\\"><span style=\\\"font-weight: 400;\\\">Liebe G\u00e4ste,<\/span><\/p><p class=\\\"_LeichteSprache\\\"><span style=\\\"font-weight: 400;\\\">auf der Dom\u00e4ne\u00a0 Marienburg haben wir ein Freiluft-Kino f\u00fcr euch aufgebaut. In unserem Freiluft-Kino k\u00f6nnt ihr viele Veranstaltungen als Video oder Stream (Echtzeit-\u00dcbertragung) sehen. Jeden Abend zeigen wird dort ein Video oder Stream auf einer gro\u00dfen Leinwand.<\/span><\/p><p class=\\\"_LeichteSprache\\\"><span style=\\\"font-weight: 400;\\\">Wir freuen uns auf euch!<\/span><\/p><p class=\\\"_LeichteSprache\\\">\u00a0<\/p><h1 class=\\\"_LeichteSpraHead\\\"><b>Corona-Regeln<\/b><\/h1><p class=\\\"_LeichteSprache\\\"><span style=\\\"font-weight: 400;\\\">Wir wollen, dass ihr euch bei uns auf dem Gel\u00e4nde sicher f\u00fchlt. Deshalb achten wir auf die aktuellen Corona-Regeln. Und wir bitten euch die Regeln zu beachten: Auf dem Gel\u00e4nde m\u00fcsst ihr eine Maske tragen und Abstand zu anderen Menschen halten.\u00a0<\/span><\/p><p class=\\\"_LeichteSprache\\\"><span style=\\\"font-weight: 400;\\\">Ihr m\u00f6chtet zum Freiluft-Kino kommen? Dann braucht ihr einen negativen Corona-Test. Der Test darf nicht \u00e4lter als 24 Stunden sein.<\/span><\/p><p class=\\\"_LeichteSprache\\\">\u00a0<\/p><h1 class=\\\"_LeichteSpraHead\\\"><b>Ticket-Kauf<\/b><\/h1><p class=\\\"_LeichteSprache\\\"><span style=\\\"font-weight: 400;\\\">Ihr k\u00f6nnt die Tickets <a rel=\\\"noopener\\\" href=\\\"https:\/\/t.rausgegangen.de\/tickets\/shop\/prasenzveranstaltungen-transeuropa-x-enter-the-collective-vi?search=freiluftkino&amp;order=start_time\\\" target=\\\"_blank\\\"><span style=\\\"text-decoration: underline;\\\"><strong>online<\/strong> <\/span><\/a>oder vor Ort kaufen.<\/span><\/p><p class=\\\"_LeichteSprache\\\"><span style=\\\"font-weight: 400;\\\">Ihr entscheidet selbst, wie viel ihr bezahlt (4,50 \u20ac - 15 \u20ac).<\/span><\/p><p>\u00a0<\/p><h1 class=\\\"_LeichteSpraHead\\\"><b>Kinoprogramm<\/b><span style=\\\"font-weight: 400;\\\">:<\/span><\/h1><table border=\\\"0\\\"><tbody><tr><td><p class=\\\"_LeichteSprache\\\"><span style=\\\"font-weight: 400;\\\">Di. 25.05. 21 Uhr<\/span><\/p><\/td><td><p class=\\\"_LeichteSprache\\\"><span style=\\\"font-weight: 400;\\\">AUTOTOMIE: der Gastgeberk\u00f6rper<\/span><\/p><\/td><\/tr><tr><td><p class=\\\"_LeichteSprache\\\"><span style=\\\"font-weight: 400;\\\">Mi. 26.05. 21 Uhr\u00a0<\/span><\/p><\/td><td><p class=\\\"_LeichteSprache\\\"><span style=\\\"font-weight: 400;\\\">Torque Vulnerati<\/span><\/p><\/td><\/tr><tr><td><p class=\\\"_LeichteSprache\\\"><span style=\\\"font-weight: 400;\\\">Do. 27.05. 21 Uhr<\/span><\/p><\/td><td><p class=\\\"_LeichteSprache\\\"><span style=\\\"font-weight: 400;\\\">FALLA<\/span><\/p><\/td><\/tr><tr><td><p class=\\\"_LeichteSprache\\\"><span style=\\\"font-weight: 400;\\\">Fr. 28.05. 21 Uhr<\/span><\/p><\/td><td><p class=\\\"_LeichteSprache\\\"><span style=\\\"font-weight: 400;\\\">Portraits und REUNION BAY<\/span><\/p><\/td><\/tr><tr><td><p class=\\\"_LeichteSprache\\\"><span style=\\\"font-weight: 400;\\\">Sa. 29.05. 21 Uhr\u00a0<\/span><\/p><\/td><td><p class=\\\"_LeichteSprache\\\"><span style=\\\"font-weight: 400;\\\">Figure it out!\u00a0<\/span><\/p><\/td><\/tr><tr><td><p class=\\\"_LeichteSprache\\\"><span style=\\\"font-weight: 400;\\\">So. 30.05. 21 Uhr<\/span><\/p><\/td><td><p class=\\\"_LeichteSprache\\\"><span style=\\\"font-weight: 400;\\\">Arriving, Now\u00a0<\/span><\/p><\/td><\/tr><\/tbody><\/table>\",\r\n      \"align\": \"top\",\r\n      \"row\": 1,\r\n      \"col\": 0,\r\n      \"colspan\": 12,\r\n      \"offsetx\": 0,\r\n      \"offsety\": 0,\r\n      \"spaceabove\": 0,\r\n      \"spacebelow\": 0,\r\n      \"yvel\": 1,\r\n      \"push\": 0,\r\n      \"relid\": 5,\r\n      \"frameOverflow\": \"\"\r\n    },\r\n    {\r\n      \"type\": \"text\",\r\n      \"cont\": \"<h1 class=\\\"_LeichteSpraHead\\\"><b>Adresse Freiluft-Kino<\/b><\/h1><p>\u00a0<\/p><p class=\\\"_LeichteSprache\\\"><span style=\\\"font-weight: 400;\\\">Campus Dom\u00e4ne Marienburg<\/span><\/p><p class=\\\"_LeichteSprache\\\"><span style=\\\"font-weight: 400;\\\">Dom\u00e4nenstra\u00dfe 2<\/span><\/p><p class=\\\"_LeichteSprache\\\"><span style=\\\"font-weight: 400;\\\">31141 Hildesheim<\/span><\/p><p class=\\\"_LeichteSprache\\\"><br \/><br \/><\/p><p class=\\\"_LeichteSprache\\\"><strong>\u2190 <a href=\\\"http:\/\/transeuropa-festival.de\/2021\/festival-einfache-sprache\/\\\" data-type=\\\"page\\\" data-id=\\\"2\\\" data-title=\\\"TRANSEUROPA\\\">Zur\u00fcck<\/a><\/strong><\/p><p class=\\\"_LeichteSprache\\\">\u00a0<\/p>\",\r\n      \"align\": \"top\",\r\n      \"row\": 2,\r\n      \"col\": 0,\r\n      \"colspan\": 12,\r\n      \"offsetx\": 0,\r\n      \"offsety\": 0,\r\n      \"spaceabove\": 0,\r\n      \"spacebelow\": 0,\r\n      \"yvel\": 1,\r\n      \"push\": 0,\r\n      \"relid\": 25,\r\n      \"frameOverflow\": \"\"\r\n    }\r\n  ]\r\n}","_links":{"self":[{"href":"https:\/\/transeuropa-festival.de\/2021\/wp-json\/wp\/v2\/pages\/1704"}],"collection":[{"href":"https:\/\/transeuropa-festival.de\/2021\/wp-json\/wp\/v2\/pages"}],"about":[{"href":"https:\/\/transeuropa-festival.de\/2021\/wp-json\/wp\/v2\/types\/page"}],"author":[{"embeddable":true,"href":"https:\/\/transeuropa-festival.de\/2021\/wp-json\/wp\/v2\/users\/1"}],"replies":[{"embeddable":true,"href":"https:\/\/transeuropa-festival.de\/2021\/wp-json\/wp\/v2\/comments?post=1704"}],"version-history":[{"count":0,"href":"https:\/\/transeuropa-festival.de\/2021\/wp-json\/wp\/v2\/pages\/1704\/revisions"}],"wp:attachment":[{"href":"https:\/\/transeuropa-festival.de\/2021\/wp-json\/wp\/v2\/media?parent=1704"}],"curies":[{"name":"wp","href":"https:\/\/api.w.org\/{rel}","templated":true}]}}