{"id":1512,"date":"2021-05-18T16:48:58","date_gmt":"2020-06-20T19:00:44","guid":{"rendered":"http:\/\/transeuropa-festival.de\/2021\/warm-up-2\/"},"modified":"2021-05-25T23:17:42","modified_gmt":"2021-05-25T21:17:42","slug":"freiluftkino","status":"publish","type":"page","link":"https:\/\/transeuropa-festival.de\/2021\/freiluftkino\/","title":{"rendered":"Freiluftkino"},"content":{"rendered":"","protected":false},"excerpt":{"rendered":"","protected":false},"author":1,"featured_media":0,"parent":0,"menu_order":5,"comment_status":"closed","ping_status":"closed","template":"","meta":{"footnotes":""},"yoast_head":"<!-- This site is optimized with the Yoast SEO plugin v21.9.1 - https:\/\/yoast.com\/wordpress\/plugins\/seo\/ -->\n<title>Freiluftkino &#187; transeuropa [X] Freiluftkino f\u00fcr Alle<\/title>\n<meta name=\"description\" content=\"In unserem Freiluftkino k\u00f6nnen Sie, liebe G\u00e4ste, in die COLLECTIVE VISION unseres Festivals eintauchen.\" \/>\n<meta name=\"robots\" content=\"index, follow, max-snippet:-1, max-image-preview:large, max-video-preview:-1\" \/>\n<link rel=\"canonical\" href=\"https:\/\/transeuropa-festival.de\/2021\/freiluftkino\/\" \/>\n<meta property=\"og:locale\" content=\"de_DE\" \/>\n<meta property=\"og:type\" content=\"article\" \/>\n<meta property=\"og:title\" content=\"Freiluftkino &#187; transeuropa [X] Freiluftkino f\u00fcr Alle\" \/>\n<meta property=\"og:description\" content=\"In unserem Freiluftkino k\u00f6nnen Sie, liebe G\u00e4ste, in die COLLECTIVE VISION unseres Festivals eintauchen.\" \/>\n<meta property=\"og:url\" content=\"https:\/\/transeuropa-festival.de\/2021\/freiluftkino\/\" \/>\n<meta property=\"og:site_name\" content=\"transeuropa [X]\" \/>\n<meta property=\"article:publisher\" content=\"https:\/\/www.facebook.com\/transeuropahildesheim\/\" \/>\n<meta property=\"article:modified_time\" content=\"2021-05-25T21:17:42+00:00\" \/>\n<meta name=\"twitter:card\" content=\"summary_large_image\" \/>\n<script type=\"application\/ld+json\" class=\"yoast-schema-graph\">{\"@context\":\"https:\/\/schema.org\",\"@graph\":[{\"@type\":\"WebPage\",\"@id\":\"https:\/\/transeuropa-festival.de\/2021\/freiluftkino\/\",\"url\":\"https:\/\/transeuropa-festival.de\/2021\/freiluftkino\/\",\"name\":\"Freiluftkino &#187; transeuropa [X] Freiluftkino f\u00fcr Alle\",\"isPartOf\":{\"@id\":\"https:\/\/transeuropa-festival.de\/2021\/#website\"},\"datePublished\":\"2020-06-20T19:00:44+00:00\",\"dateModified\":\"2021-05-25T21:17:42+00:00\",\"description\":\"In unserem Freiluftkino k\u00f6nnen Sie, liebe G\u00e4ste, in die COLLECTIVE VISION unseres Festivals eintauchen.\",\"breadcrumb\":{\"@id\":\"https:\/\/transeuropa-festival.de\/2021\/freiluftkino\/#breadcrumb\"},\"inLanguage\":\"de\",\"potentialAction\":[{\"@type\":\"ReadAction\",\"target\":[\"https:\/\/transeuropa-festival.de\/2021\/freiluftkino\/\"]}]},{\"@type\":\"BreadcrumbList\",\"@id\":\"https:\/\/transeuropa-festival.de\/2021\/freiluftkino\/#breadcrumb\",\"itemListElement\":[{\"@type\":\"ListItem\",\"position\":1,\"name\":\"Startseite\",\"item\":\"https:\/\/transeuropa-festival.de\/2021\/\"},{\"@type\":\"ListItem\",\"position\":2,\"name\":\"Freiluftkino\"}]},{\"@type\":\"WebSite\",\"@id\":\"https:\/\/transeuropa-festival.de\/2021\/#website\",\"url\":\"https:\/\/transeuropa-festival.de\/2021\/\",\"name\":\"transeuropa [X]\",\"description\":\"EUROP\u00c4ISCHES FESTIVAL F\u00dcR PERFORMATIVE K\u00dcNSTE IN HILDESHEIM\",\"publisher\":{\"@id\":\"https:\/\/transeuropa-festival.de\/2021\/#organization\"},\"potentialAction\":[{\"@type\":\"SearchAction\",\"target\":{\"@type\":\"EntryPoint\",\"urlTemplate\":\"https:\/\/transeuropa-festival.de\/2021\/?s={search_term_string}\"},\"query-input\":\"required name=search_term_string\"}],\"inLanguage\":\"de\"},{\"@type\":\"Organization\",\"@id\":\"https:\/\/transeuropa-festival.de\/2021\/#organization\",\"name\":\"transeuropa e.V.\",\"url\":\"https:\/\/transeuropa-festival.de\/2021\/\",\"logo\":{\"@type\":\"ImageObject\",\"inLanguage\":\"de\",\"@id\":\"https:\/\/transeuropa-festival.de\/2021\/#\/schema\/logo\/image\/\",\"url\":\"http:\/\/transeuropa-festival.de\/2021\/wp-content\/uploads\/2020\/07\/logo-sw-2zeilig-PNG.png\",\"contentUrl\":\"http:\/\/transeuropa-festival.de\/2021\/wp-content\/uploads\/2020\/07\/logo-sw-2zeilig-PNG.png\",\"width\":1361,\"height\":527,\"caption\":\"transeuropa e.V.\"},\"image\":{\"@id\":\"https:\/\/transeuropa-festival.de\/2021\/#\/schema\/logo\/image\/\"},\"sameAs\":[\"https:\/\/www.facebook.com\/transeuropahildesheim\/\"]}]}<\/script>\n<!-- \/ Yoast SEO plugin. -->","yoast_head_json":{"title":"Freiluftkino &#187; transeuropa [X] Freiluftkino f\u00fcr Alle","description":"In unserem Freiluftkino k\u00f6nnen Sie, liebe G\u00e4ste, in die COLLECTIVE VISION unseres Festivals eintauchen.","robots":{"index":"index","follow":"follow","max-snippet":"max-snippet:-1","max-image-preview":"max-image-preview:large","max-video-preview":"max-video-preview:-1"},"canonical":"https:\/\/transeuropa-festival.de\/2021\/freiluftkino\/","og_locale":"de_DE","og_type":"article","og_title":"Freiluftkino &#187; transeuropa [X] Freiluftkino f\u00fcr Alle","og_description":"In unserem Freiluftkino k\u00f6nnen Sie, liebe G\u00e4ste, in die COLLECTIVE VISION unseres Festivals eintauchen.","og_url":"https:\/\/transeuropa-festival.de\/2021\/freiluftkino\/","og_site_name":"transeuropa [X]","article_publisher":"https:\/\/www.facebook.com\/transeuropahildesheim\/","article_modified_time":"2021-05-25T21:17:42+00:00","twitter_card":"summary_large_image","schema":{"@context":"https:\/\/schema.org","@graph":[{"@type":"WebPage","@id":"https:\/\/transeuropa-festival.de\/2021\/freiluftkino\/","url":"https:\/\/transeuropa-festival.de\/2021\/freiluftkino\/","name":"Freiluftkino &#187; transeuropa [X] Freiluftkino f\u00fcr Alle","isPartOf":{"@id":"https:\/\/transeuropa-festival.de\/2021\/#website"},"datePublished":"2020-06-20T19:00:44+00:00","dateModified":"2021-05-25T21:17:42+00:00","description":"In unserem Freiluftkino k\u00f6nnen Sie, liebe G\u00e4ste, in die COLLECTIVE VISION unseres Festivals eintauchen.","breadcrumb":{"@id":"https:\/\/transeuropa-festival.de\/2021\/freiluftkino\/#breadcrumb"},"inLanguage":"de","potentialAction":[{"@type":"ReadAction","target":["https:\/\/transeuropa-festival.de\/2021\/freiluftkino\/"]}]},{"@type":"BreadcrumbList","@id":"https:\/\/transeuropa-festival.de\/2021\/freiluftkino\/#breadcrumb","itemListElement":[{"@type":"ListItem","position":1,"name":"Startseite","item":"https:\/\/transeuropa-festival.de\/2021\/"},{"@type":"ListItem","position":2,"name":"Freiluftkino"}]},{"@type":"WebSite","@id":"https:\/\/transeuropa-festival.de\/2021\/#website","url":"https:\/\/transeuropa-festival.de\/2021\/","name":"transeuropa [X]","description":"EUROP\u00c4ISCHES FESTIVAL F\u00dcR PERFORMATIVE K\u00dcNSTE IN HILDESHEIM","publisher":{"@id":"https:\/\/transeuropa-festival.de\/2021\/#organization"},"potentialAction":[{"@type":"SearchAction","target":{"@type":"EntryPoint","urlTemplate":"https:\/\/transeuropa-festival.de\/2021\/?s={search_term_string}"},"query-input":"required name=search_term_string"}],"inLanguage":"de"},{"@type":"Organization","@id":"https:\/\/transeuropa-festival.de\/2021\/#organization","name":"transeuropa e.V.","url":"https:\/\/transeuropa-festival.de\/2021\/","logo":{"@type":"ImageObject","inLanguage":"de","@id":"https:\/\/transeuropa-festival.de\/2021\/#\/schema\/logo\/image\/","url":"http:\/\/transeuropa-festival.de\/2021\/wp-content\/uploads\/2020\/07\/logo-sw-2zeilig-PNG.png","contentUrl":"http:\/\/transeuropa-festival.de\/2021\/wp-content\/uploads\/2020\/07\/logo-sw-2zeilig-PNG.png","width":1361,"height":527,"caption":"transeuropa e.V."},"image":{"@id":"https:\/\/transeuropa-festival.de\/2021\/#\/schema\/logo\/image\/"},"sameAs":["https:\/\/www.facebook.com\/transeuropahildesheim\/"]}]}},"grid":"{\r\n  \"colCount\": 12,\r\n  \"colGutter\": 1,\r\n  \"rowGutters\": [],\r\n  \"frameMargin\": 4,\r\n  \"topFrameMargin\": 10,\r\n  \"bottomFrameMargin\": 0,\r\n  \"rowAttrs\": [\r\n    {\r\n      \"bgimage\": {\r\n        \"attid\": 1516,\r\n        \"url\": \"\/wp-content\/uploads\/2021\/05\/nature-sky-clouds-blue-53594.jpg\",\r\n        \"sizes\": {\r\n          \"_2560\": {\r\n            \"w\": 2560,\r\n            \"h\": 1920,\r\n            \"url\": \"\/wp-content\/uploads\/2021\/05\/nature-sky-clouds-blue-53594-2560x1920.jpg\"\r\n          },\r\n          \"_1920\": {\r\n            \"w\": 1920,\r\n            \"h\": 1440,\r\n            \"url\": \"\/wp-content\/uploads\/2021\/05\/nature-sky-clouds-blue-53594-1920x1440.jpg\"\r\n          },\r\n          \"_1280\": {\r\n            \"w\": 1280,\r\n            \"h\": 960,\r\n            \"url\": \"\/wp-content\/uploads\/2021\/05\/nature-sky-clouds-blue-53594-1280x960.jpg\"\r\n          },\r\n          \"_1024\": {\r\n            \"w\": 1024,\r\n            \"h\": 768,\r\n            \"url\": \"\/wp-content\/uploads\/2021\/05\/nature-sky-clouds-blue-53594-1024x768.jpg\"\r\n          },\r\n          \"_768\": {\r\n            \"w\": 768,\r\n            \"h\": 576,\r\n            \"url\": \"\/wp-content\/uploads\/2021\/05\/nature-sky-clouds-blue-53594-768x576.jpg\"\r\n          },\r\n          \"_512\": {\r\n            \"w\": 512,\r\n            \"h\": 384,\r\n            \"url\": \"\/wp-content\/uploads\/2021\/05\/nature-sky-clouds-blue-53594-512x384.jpg\"\r\n          },\r\n          \"_265\": {\r\n            \"w\": 265,\r\n            \"h\": 199,\r\n            \"url\": \"\/wp-content\/uploads\/2021\/05\/nature-sky-clouds-blue-53594-265x199.jpg\"\r\n          }\r\n        }\r\n      }\r\n    }\r\n  ],\r\n  \"bgColor\": null,\r\n  \"cont\": [\r\n    {\r\n      \"type\": \"text\",\r\n      \"cont\": \"<p class=\\\"_Korpus_Bigsupertitle\\\">Freiluftkino<\/p><p>\u00a0<\/p><p>In unserem Freiluftkino k\u00f6nnen Sie, liebe G\u00e4ste, in die COLLECTIVE VISION unseres Festivals eintauchen: Jeden Abend wird einer der Programmpunkte als Stream oder Video auf gro\u00dfer Leinwand gezeigt. Im Literaturgarten des Kulturcampus Dom\u00e4ne Marienburg baut das transeuropa[x] ein sicheres Setting auf, in dem Sie unter Einhaltung der Abstands- und Hygieneregeln und bei gutem Wetter kollektiv Schauen k\u00f6nnen.<\/p><p>Gemeinschaft trotz Social Distancing!<br \/>Genau wie bei den Installationen bitten wir um den Nachweis eines tagesaktuellen negativen Coronatests beim Einlass.<\/p><p>Die Preise f\u00fcr das Kino sind nach dem Solidarit\u00e4tsprinzip gestaffelt und belaufen sich auf 4,50\u20ac \u2013 15,00 \u20ac.<\/p><p>Bestimmen Sie selbst, wie viel Sie zahlen m\u00f6chten.<\/p><p>Neben der M\u00f6glichkeit f\u00fcr einzelne Abende ein Ticket zu kaufen haben Sie zus\u00e4tzlich die M\u00f6glichkeit einen Kinopass f\u00fcr das gesamte Programm zu erwerben.\u00a0<\/p><p>\u00a0<\/p><p class=\\\"_Default\\\"><strong><a rel=\\\"noopener\\\" href=\\\"https:\/\/t.rausgegangen.de\/tickets\/shop\/prasenzveranstaltungen-transeuropa-x-enter-the-collective-vi?search=Kino&amp;order=start_time\\\" target=\\\"_blank\\\">\u2192 Klicken Sie hier, um zu den Tickets zu gelangen.<\/a><\/strong><\/p><p class=\\\"_Standard_small\\\">Hinweis: Resttickets k\u00f6nnen auch vor der Veranstaltung vor Ort gekauft werden.<\/p><p>\u00a0<\/p><p class=\\\"_Bigsupertite_Adieu\\\">PROGRAMM<\/p><h1 class=\\\"_h3\\\"><br \/>Di. 25.05. \u2192 21 Uhr <a rel=\\\"noopener\\\" href=\\\"http:\/\/transeuropa-festival.de\/2021\/autotomie-der-gastgeberkoerper\/\\\" target=\\\"_blank\\\" data-type=\\\"project\\\" data-id=\\\"1070\\\" data-title=\\\"AUTOTOMIE: der Gastgeberk\u00f6rper\\\" data-catid=\\\"[339,341,36,58]\\\">AUTOTOMIE: der Gast\u00adgeberk\u00f6rper<\/a> ENTF\u00c4LLT WEGEN DES WETTERS<\/h1><h1 class=\\\"_h3\\\">Mi. 26.05. \u2192 21 Uhr <a rel=\\\"noopener\\\" href=\\\"http:\/\/transeuropa-festival.de\/2021\/torque\/\\\" target=\\\"_blank\\\" data-type=\\\"project\\\" data-id=\\\"1286\\\" data-title=\\\"Torque Vulnerati\\\" data-catid=\\\"[341,36,55,31,57]\\\">Torque Vulnerati<\/a><\/h1><h1 class=\\\"_h3\\\">Do. 27.05. \u2192 21 Uhr <a rel=\\\"noopener\\\" href=\\\"http:\/\/transeuropa-festival.de\/2021\/falla\/\\\" target=\\\"_blank\\\" data-type=\\\"project\\\" data-id=\\\"1161\\\" data-title=\\\"FALLA\\\" data-catid=\\\"[36,55,30,58,31,62]\\\">FALLA<\/a><\/h1><h1 class=\\\"_h3\\\">Fr. 28.05. \u2192 21 Uhr <a rel=\\\"noopener\\\" href=\\\"http:\/\/transeuropa-festival.de\/2021\/portraits\/\\\" target=\\\"_blank\\\" data-type=\\\"project\\\" data-id=\\\"1197\\\" data-title=\\\"Portraits\\\" data-catid=\\\"[36,61]\\\">Portraits <\/a>+\u00a0<a rel=\\\"noopener\\\" href=\\\"http:\/\/transeuropa-festival.de\/2021\/reunion-bay\/\\\" target=\\\"_blank\\\" data-type=\\\"project\\\" data-id=\\\"1325\\\" data-title=\\\"REUNION BAY\\\" data-catid=\\\"[36,358,62,57]\\\">REUNION BAY<\/a><\/h1><h1 class=\\\"_h3\\\">Sa. 29.05. \u2192 21 Uhr <a rel=\\\"noopener\\\" href=\\\"http:\/\/transeuropa-festival.de\/2021\/figure-it-out\/\\\" target=\\\"_blank\\\" data-type=\\\"project\\\" data-id=\\\"1177\\\" data-title=\\\"Figure it out!\\\" data-catid=\\\"[36,58,31,57]\\\">Figure it out!<\/a><\/h1><h1 class=\\\"_h3\\\">So. 30.05. \u2192 21 Uhr <a rel=\\\"noopener\\\" href=\\\"http:\/\/transeuropa-festival.de\/2021\/arriving-now\/\\\" target=\\\"_blank\\\" data-type=\\\"project\\\" data-id=\\\"1308\\\" data-title=\\\"Arriving, Now\\\" data-catid=\\\"[36,54,339,57,59]\\\">Arriving, Now<\/a><\/h1><p>\u00a0<\/p><p>\u00a0<\/p><p class=\\\"_Default\\\">Freiluftkino<br \/>Campus Dom\u00e4ne Marienburg<br \/>Dom\u00e4nenstra\u00dfe 2<br \/>31141 Hildesheim<\/p><p>\u00a0<\/p><p>\u00a0<\/p>\",\r\n      \"align\": \"top\",\r\n      \"row\": 0,\r\n      \"col\": 2,\r\n      \"colspan\": 8,\r\n      \"offsetx\": 0,\r\n      \"offsety\": 0,\r\n      \"spaceabove\": 5,\r\n      \"spacebelow\": 0,\r\n      \"yvel\": 1,\r\n      \"push\": 2,\r\n      \"relid\": 4,\r\n      \"dosync\": false\r\n    }\r\n  ]\r\n}","phonegrid":"{\r\n  \"colCount\": 1,\r\n  \"colGutter\": \"1\",\r\n  \"rowGutters\": [],\r\n  \"frameMargin\": \"5\",\r\n  \"topFrameMargin\": \"5\",\r\n  \"bottomFrameMargin\": \"5\",\r\n  \"rowAttrs\": [\r\n    {\r\n      \"bgimage\": {\r\n        \"attid\": 1516,\r\n        \"url\": \"\/wp-content\/uploads\/2021\/05\/nature-sky-clouds-blue-53594.jpg\",\r\n        \"sizes\": {\r\n          \"_2560\": {\r\n            \"w\": 2560,\r\n            \"h\": 1920,\r\n            \"url\": \"\/wp-content\/uploads\/2021\/05\/nature-sky-clouds-blue-53594-2560x1920.jpg\"\r\n          },\r\n          \"_1920\": {\r\n            \"w\": 1920,\r\n            \"h\": 1440,\r\n            \"url\": \"\/wp-content\/uploads\/2021\/05\/nature-sky-clouds-blue-53594-1920x1440.jpg\"\r\n          },\r\n          \"_1280\": {\r\n            \"w\": 1280,\r\n            \"h\": 960,\r\n            \"url\": \"\/wp-content\/uploads\/2021\/05\/nature-sky-clouds-blue-53594-1280x960.jpg\"\r\n          },\r\n          \"_1024\": {\r\n            \"w\": 1024,\r\n            \"h\": 768,\r\n            \"url\": \"\/wp-content\/uploads\/2021\/05\/nature-sky-clouds-blue-53594-1024x768.jpg\"\r\n          },\r\n          \"_768\": {\r\n            \"w\": 768,\r\n            \"h\": 576,\r\n            \"url\": \"\/wp-content\/uploads\/2021\/05\/nature-sky-clouds-blue-53594-768x576.jpg\"\r\n          },\r\n          \"_512\": {\r\n            \"w\": 512,\r\n            \"h\": 384,\r\n            \"url\": \"\/wp-content\/uploads\/2021\/05\/nature-sky-clouds-blue-53594-512x384.jpg\"\r\n          },\r\n          \"_265\": {\r\n            \"w\": 265,\r\n            \"h\": 199,\r\n            \"url\": \"\/wp-content\/uploads\/2021\/05\/nature-sky-clouds-blue-53594-265x199.jpg\"\r\n          }\r\n        }\r\n      }\r\n    }\r\n  ],\r\n  \"bgColor\": null,\r\n  \"cont\": [\r\n    {\r\n      \"type\": \"text\",\r\n      \"cont\": \"<p class=\\\"_Korpus_Bigsupertitle\\\">Freiluftkino<\/p><p>\u00a0<\/p><p>In unserem Freiluftkino k\u00f6nnen Sie, liebe G\u00e4ste, in die COLLECTIVE VISION unseres Festivals eintauchen: Jeden Abend wird einer der Programmpunkte als Stream oder Video auf gro\u00dfer Leinwand gezeigt. Im Literaturgarten des Kulturcampus Dom\u00e4ne Marienburg baut das transeuropa[x] ein sicheres Setting auf, in dem Sie unter Einhaltung der Abstands- und Hygieneregeln und bei gutem Wetter kollektiv Schauen k\u00f6nnen.<\/p><p>Gemeinschaft trotz Social Distancing!<br \/>Genau wie bei den Installationen bitten wir um den Nachweis eines tagesaktuellen negativen Coronatests beim Einlass.<\/p><p>Die Preise f\u00fcr das Kino sind nach dem Solidarit\u00e4tsprinzip gestaffelt und belaufen sich auf 4,50\u20ac \u2013 15,00 \u20ac.<\/p><p>Bestimmen Sie selbst, wie viel Sie zahlen m\u00f6chten.<\/p><p>Neben der M\u00f6glichkeit f\u00fcr einzelne Abende ein Ticket zu kaufen haben Sie zus\u00e4tzlich die M\u00f6glichkeit einen Kinopass f\u00fcr das gesamte Programm zu erwerben.\u00a0<\/p><p>\u00a0<\/p><p><a href=\\\"https:\/\/t.rausgegangen.de\/tickets\/shop\/prasenzveranstaltungen-transeuropa-x-enter-the-collective-vi?search=Kino&amp;order=start_time\\\" target=\\\"_blank\\\" rel=\\\"noopener\\\"><span style=\\\"text-decoration: underline;\\\"><strong>\u2192 Klicken Sie hier, um zu den Tickets zu gelangen.<\/strong><\/span><\/a><\/p><h1 class=\\\"_h3\\\">\u00a0<\/h1><p>\u00a0<\/p><p class=\\\"_Bigsupertite_Adieu\\\">PROGRAMM<\/p><h1 class=\\\"_h3\\\"><br \/>Di. 25.05. \u2192 20 Uhr <a href=\\\"http:\/\/transeuropa-festival.de\/2021\/autotomie-der-gastgeberkoerper\/\\\" target=\\\"_blank\\\" rel=\\\"noopener\\\" data-type=\\\"project\\\" data-id=\\\"1070\\\" data-title=\\\"AUTOTOMIE: der Gastgeberk\u00f6rper\\\" data-catid=\\\"[36,30,58]\\\">AUTOTOMIE:<\/a><br \/><a href=\\\"http:\/\/transeuropa-festival.de\/2021\/autotomie-der-gastgeberkoerper\/\\\" target=\\\"_blank\\\" rel=\\\"noopener\\\" data-type=\\\"project\\\" data-id=\\\"1070\\\" data-title=\\\"AUTOTOMIE: der Gastgeberk\u00f6rper\\\" data-catid=\\\"[36,30,58]\\\">der Gast\u00adgeberk\u00f6rper<\/a><\/h1><h1 class=\\\"_h3\\\">Mi. 26.05. \u2192 21 Uhr <a href=\\\"http:\/\/transeuropa-festival.de\/2021\/torque\/\\\" target=\\\"_blank\\\" rel=\\\"noopener\\\" data-type=\\\"project\\\" data-id=\\\"1286\\\" data-title=\\\"Torque Vulnerati\\\" data-catid=\\\"[341,36,55,31,57]\\\">Torque Vulnerati<\/a><\/h1><h1 class=\\\"_h3\\\">Do. 27.05. \u2192 21:00 Uhr <a href=\\\"http:\/\/transeuropa-festival.de\/2021\/falla\/\\\" target=\\\"_blank\\\" rel=\\\"noopener\\\" data-type=\\\"project\\\" data-id=\\\"1161\\\" data-title=\\\"FALLA\\\" data-catid=\\\"[36,55,30,58,31,62]\\\">FALLA<\/a><\/h1><h1 class=\\\"_h3\\\">Fr. 28.05. \u2192 20:30 Uhr <a href=\\\"http:\/\/transeuropa-festival.de\/2021\/portraits\/\\\" target=\\\"_blank\\\" rel=\\\"noopener\\\" data-type=\\\"project\\\" data-id=\\\"1197\\\" data-title=\\\"Portraits\\\" data-catid=\\\"[36,61]\\\">Portraits <\/a>+\u00a0<a href=\\\"http:\/\/transeuropa-festival.de\/2021\/reunion-bay\/\\\" target=\\\"_blank\\\" rel=\\\"noopener\\\" data-type=\\\"project\\\" data-id=\\\"1325\\\" data-title=\\\"REUNION BAY\\\" data-catid=\\\"[36,358,62,57]\\\">REUNION BAY<\/a><\/h1><h1 class=\\\"_h3\\\">Sa. 29.05. \u2192 20 Uhr <a href=\\\"http:\/\/transeuropa-festival.de\/2021\/figure-it-out\/\\\" target=\\\"_blank\\\" rel=\\\"noopener\\\" data-type=\\\"project\\\" data-id=\\\"1177\\\" data-title=\\\"Figure it out!\\\" data-catid=\\\"[36,58,31,57]\\\">Figure it out!<\/a><\/h1><h1 class=\\\"_h3\\\">So. 30.05. \u2192 21 Uhr <a href=\\\"http:\/\/transeuropa-festival.de\/2021\/arriving-now\/\\\" target=\\\"_blank\\\" rel=\\\"noopener\\\" data-type=\\\"project\\\" data-id=\\\"1308\\\" data-title=\\\"Arriving, Now\\\" data-catid=\\\"[36,54,339,57,59]\\\">Arriving, Now<\/a><\/h1><p>\u00a0<\/p><p>\u00a0<\/p><p class=\\\"_Default\\\">Freiluftkino<br \/>Campus Dom\u00e4ne Marienburg<br \/>Dom\u00e4nenstra\u00dfe 2<br \/>31141 Hildesheim<\/p><p>\u00a0<\/p><p>\u00a0<\/p>\",\r\n      \"align\": \"top\",\r\n      \"row\": 0,\r\n      \"col\": 0,\r\n      \"colspan\": 1,\r\n      \"offsetx\": 0,\r\n      \"offsety\": 0,\r\n      \"spaceabove\": 8,\r\n      \"spacebelow\": 0,\r\n      \"yvel\": 1,\r\n      \"push\": 0,\r\n      \"relid\": 4,\r\n      \"frameOverflow\": \"\",\r\n      \"dosync\": false\r\n    }\r\n  ]\r\n}","_links":{"self":[{"href":"https:\/\/transeuropa-festival.de\/2021\/wp-json\/wp\/v2\/pages\/1512"}],"collection":[{"href":"https:\/\/transeuropa-festival.de\/2021\/wp-json\/wp\/v2\/pages"}],"about":[{"href":"https:\/\/transeuropa-festival.de\/2021\/wp-json\/wp\/v2\/types\/page"}],"author":[{"embeddable":true,"href":"https:\/\/transeuropa-festival.de\/2021\/wp-json\/wp\/v2\/users\/1"}],"replies":[{"embeddable":true,"href":"https:\/\/transeuropa-festival.de\/2021\/wp-json\/wp\/v2\/comments?post=1512"}],"version-history":[{"count":0,"href":"https:\/\/transeuropa-festival.de\/2021\/wp-json\/wp\/v2\/pages\/1512\/revisions"}],"wp:attachment":[{"href":"https:\/\/transeuropa-festival.de\/2021\/wp-json\/wp\/v2\/media?parent=1512"}],"curies":[{"name":"wp","href":"https:\/\/api.w.org\/{rel}","templated":true}]}}