{"id":1210,"date":"2021-04-23T16:01:09","date_gmt":"2020-06-20T19:00:44","guid":{"rendered":"http:\/\/transeuropa-festival.de\/2021\/kontakt-2\/"},"modified":"2021-05-25T14:52:00","modified_gmt":"2021-05-25T12:52:00","slug":"presse","status":"publish","type":"page","link":"https:\/\/transeuropa-festival.de\/2021\/presse\/","title":{"rendered":"Presse"},"content":{"rendered":"","protected":false},"excerpt":{"rendered":"","protected":false},"author":1,"featured_media":0,"parent":0,"menu_order":9,"comment_status":"closed","ping_status":"closed","template":"","meta":{"footnotes":""},"yoast_head":"<!-- This site is optimized with the Yoast SEO plugin v21.9.1 - https:\/\/yoast.com\/wordpress\/plugins\/seo\/ -->\n<title>Presse &#187; transeuropa [X] Pressekit<\/title>\n<meta name=\"description\" content=\"Pressekit\u00ad und Pressetexte - Die Pressebilder von transeuropa [X] sind f\u00fcr die aktuelle redaktionelle Berichterstattung...\" \/>\n<meta name=\"robots\" content=\"index, follow, max-snippet:-1, max-image-preview:large, max-video-preview:-1\" \/>\n<link rel=\"canonical\" href=\"https:\/\/transeuropa-festival.de\/2021\/presse\/\" \/>\n<meta property=\"og:locale\" content=\"de_DE\" \/>\n<meta property=\"og:type\" content=\"article\" \/>\n<meta property=\"og:title\" content=\"Presse &#187; transeuropa [X] Pressekit\" \/>\n<meta property=\"og:description\" content=\"Pressekit\u00ad und Pressetexte - Die Pressebilder von transeuropa [X] sind f\u00fcr die aktuelle redaktionelle Berichterstattung...\" \/>\n<meta property=\"og:url\" content=\"https:\/\/transeuropa-festival.de\/2021\/presse\/\" \/>\n<meta property=\"og:site_name\" content=\"transeuropa [X]\" \/>\n<meta property=\"article:publisher\" content=\"https:\/\/www.facebook.com\/transeuropahildesheim\/\" \/>\n<meta property=\"article:modified_time\" content=\"2021-05-25T12:52:00+00:00\" \/>\n<meta name=\"twitter:card\" content=\"summary_large_image\" \/>\n<script type=\"application\/ld+json\" class=\"yoast-schema-graph\">{\"@context\":\"https:\/\/schema.org\",\"@graph\":[{\"@type\":\"WebPage\",\"@id\":\"https:\/\/transeuropa-festival.de\/2021\/presse\/\",\"url\":\"https:\/\/transeuropa-festival.de\/2021\/presse\/\",\"name\":\"Presse &#187; transeuropa [X] Pressekit\",\"isPartOf\":{\"@id\":\"https:\/\/transeuropa-festival.de\/2021\/#website\"},\"datePublished\":\"2020-06-20T19:00:44+00:00\",\"dateModified\":\"2021-05-25T12:52:00+00:00\",\"description\":\"Pressekit\u00ad und Pressetexte - Die Pressebilder von transeuropa [X] sind f\u00fcr die aktuelle redaktionelle Berichterstattung...\",\"breadcrumb\":{\"@id\":\"https:\/\/transeuropa-festival.de\/2021\/presse\/#breadcrumb\"},\"inLanguage\":\"de\",\"potentialAction\":[{\"@type\":\"ReadAction\",\"target\":[\"https:\/\/transeuropa-festival.de\/2021\/presse\/\"]}]},{\"@type\":\"BreadcrumbList\",\"@id\":\"https:\/\/transeuropa-festival.de\/2021\/presse\/#breadcrumb\",\"itemListElement\":[{\"@type\":\"ListItem\",\"position\":1,\"name\":\"Startseite\",\"item\":\"https:\/\/transeuropa-festival.de\/2021\/\"},{\"@type\":\"ListItem\",\"position\":2,\"name\":\"Presse\"}]},{\"@type\":\"WebSite\",\"@id\":\"https:\/\/transeuropa-festival.de\/2021\/#website\",\"url\":\"https:\/\/transeuropa-festival.de\/2021\/\",\"name\":\"transeuropa [X]\",\"description\":\"EUROP\u00c4ISCHES FESTIVAL F\u00dcR PERFORMATIVE K\u00dcNSTE IN HILDESHEIM\",\"publisher\":{\"@id\":\"https:\/\/transeuropa-festival.de\/2021\/#organization\"},\"potentialAction\":[{\"@type\":\"SearchAction\",\"target\":{\"@type\":\"EntryPoint\",\"urlTemplate\":\"https:\/\/transeuropa-festival.de\/2021\/?s={search_term_string}\"},\"query-input\":\"required name=search_term_string\"}],\"inLanguage\":\"de\"},{\"@type\":\"Organization\",\"@id\":\"https:\/\/transeuropa-festival.de\/2021\/#organization\",\"name\":\"transeuropa e.V.\",\"url\":\"https:\/\/transeuropa-festival.de\/2021\/\",\"logo\":{\"@type\":\"ImageObject\",\"inLanguage\":\"de\",\"@id\":\"https:\/\/transeuropa-festival.de\/2021\/#\/schema\/logo\/image\/\",\"url\":\"http:\/\/transeuropa-festival.de\/2021\/wp-content\/uploads\/2020\/07\/logo-sw-2zeilig-PNG.png\",\"contentUrl\":\"http:\/\/transeuropa-festival.de\/2021\/wp-content\/uploads\/2020\/07\/logo-sw-2zeilig-PNG.png\",\"width\":1361,\"height\":527,\"caption\":\"transeuropa e.V.\"},\"image\":{\"@id\":\"https:\/\/transeuropa-festival.de\/2021\/#\/schema\/logo\/image\/\"},\"sameAs\":[\"https:\/\/www.facebook.com\/transeuropahildesheim\/\"]}]}<\/script>\n<!-- \/ Yoast SEO plugin. -->","yoast_head_json":{"title":"Presse &#187; transeuropa [X] Pressekit","description":"Pressekit\u00ad und Pressetexte - Die Pressebilder von transeuropa [X] sind f\u00fcr die aktuelle redaktionelle Berichterstattung...","robots":{"index":"index","follow":"follow","max-snippet":"max-snippet:-1","max-image-preview":"max-image-preview:large","max-video-preview":"max-video-preview:-1"},"canonical":"https:\/\/transeuropa-festival.de\/2021\/presse\/","og_locale":"de_DE","og_type":"article","og_title":"Presse &#187; transeuropa [X] Pressekit","og_description":"Pressekit\u00ad und Pressetexte - Die Pressebilder von transeuropa [X] sind f\u00fcr die aktuelle redaktionelle Berichterstattung...","og_url":"https:\/\/transeuropa-festival.de\/2021\/presse\/","og_site_name":"transeuropa [X]","article_publisher":"https:\/\/www.facebook.com\/transeuropahildesheim\/","article_modified_time":"2021-05-25T12:52:00+00:00","twitter_card":"summary_large_image","schema":{"@context":"https:\/\/schema.org","@graph":[{"@type":"WebPage","@id":"https:\/\/transeuropa-festival.de\/2021\/presse\/","url":"https:\/\/transeuropa-festival.de\/2021\/presse\/","name":"Presse &#187; transeuropa [X] Pressekit","isPartOf":{"@id":"https:\/\/transeuropa-festival.de\/2021\/#website"},"datePublished":"2020-06-20T19:00:44+00:00","dateModified":"2021-05-25T12:52:00+00:00","description":"Pressekit\u00ad und Pressetexte - Die Pressebilder von transeuropa [X] sind f\u00fcr die aktuelle redaktionelle Berichterstattung...","breadcrumb":{"@id":"https:\/\/transeuropa-festival.de\/2021\/presse\/#breadcrumb"},"inLanguage":"de","potentialAction":[{"@type":"ReadAction","target":["https:\/\/transeuropa-festival.de\/2021\/presse\/"]}]},{"@type":"BreadcrumbList","@id":"https:\/\/transeuropa-festival.de\/2021\/presse\/#breadcrumb","itemListElement":[{"@type":"ListItem","position":1,"name":"Startseite","item":"https:\/\/transeuropa-festival.de\/2021\/"},{"@type":"ListItem","position":2,"name":"Presse"}]},{"@type":"WebSite","@id":"https:\/\/transeuropa-festival.de\/2021\/#website","url":"https:\/\/transeuropa-festival.de\/2021\/","name":"transeuropa [X]","description":"EUROP\u00c4ISCHES FESTIVAL F\u00dcR PERFORMATIVE K\u00dcNSTE IN HILDESHEIM","publisher":{"@id":"https:\/\/transeuropa-festival.de\/2021\/#organization"},"potentialAction":[{"@type":"SearchAction","target":{"@type":"EntryPoint","urlTemplate":"https:\/\/transeuropa-festival.de\/2021\/?s={search_term_string}"},"query-input":"required name=search_term_string"}],"inLanguage":"de"},{"@type":"Organization","@id":"https:\/\/transeuropa-festival.de\/2021\/#organization","name":"transeuropa e.V.","url":"https:\/\/transeuropa-festival.de\/2021\/","logo":{"@type":"ImageObject","inLanguage":"de","@id":"https:\/\/transeuropa-festival.de\/2021\/#\/schema\/logo\/image\/","url":"http:\/\/transeuropa-festival.de\/2021\/wp-content\/uploads\/2020\/07\/logo-sw-2zeilig-PNG.png","contentUrl":"http:\/\/transeuropa-festival.de\/2021\/wp-content\/uploads\/2020\/07\/logo-sw-2zeilig-PNG.png","width":1361,"height":527,"caption":"transeuropa e.V."},"image":{"@id":"https:\/\/transeuropa-festival.de\/2021\/#\/schema\/logo\/image\/"},"sameAs":["https:\/\/www.facebook.com\/transeuropahildesheim\/"]}]}},"grid":"{\r\n  \"colCount\": 12,\r\n  \"colGutter\": 1,\r\n  \"rowGutters\": [\r\n    3,\r\n    3,\r\n    3,\r\n    3\r\n  ],\r\n  \"frameMargin\": 4,\r\n  \"topFrameMargin\": 10,\r\n  \"bottomFrameMargin\": 5,\r\n  \"rowAttrs\": [\r\n    {},\r\n    {},\r\n    {},\r\n    {},\r\n    {}\r\n  ],\r\n  \"bgColor\": null,\r\n  \"cont\": [\r\n    {\r\n      \"type\": \"text\",\r\n      \"cont\": \"\",\r\n      \"align\": \"top\",\r\n      \"row\": 0,\r\n      \"col\": 3,\r\n      \"colspan\": 2,\r\n      \"offsetx\": 0,\r\n      \"offsety\": 0,\r\n      \"spaceabove\": 0,\r\n      \"spacebelow\": 0,\r\n      \"yvel\": 1,\r\n      \"push\": 3,\r\n      \"relid\": 47\r\n    },\r\n    {\r\n      \"type\": \"text\",\r\n      \"cont\": \"<h1 class=\\\"_h3\\\">Presse<\/h1><p>\u00a0<\/p><div><strong>Presse-Kit\u00ad<\/strong><\/div><div>Die Pressebilder von transeuropa [X] sind f\u00fcr die aktuelle redaktionelle Berichterstattung in Print und Web kostenfrei. Bitte ver\u00f6ffentlichen Sie immer die vollst\u00e4ndigen Copyrightangaben (den Dateinamen zu entnehmen). Nach der Nutzung sind die digitalen Bildvorlagen wieder zu l\u00f6schen.<\/div><div>\u00a0<\/div><div>F\u00fcr eine anderweitige Nutzung der Pressebilder schreiben Sie der Pressestelle bitte eine eMail: presse[at]transeuropa-festival.de.<\/div><p><br \/><a href=\\\"http:\/\/transeuropa-festival.de\/2021\/wp-content\/uploads\/2021\/04\/Presse-Kit.zip\\\" rel=\\\"noopener\\\"><span style=\\\"text-decoration: underline;\\\">Download Presse-Kit<\/span> (21,2 MB) \u2193\u00a0<\/a><\/p><p>\u00a0<\/p><p class=\\\"_Default\\\"><strong>Pressetexte<\/strong><\/p><p>Hier k\u00f6nnen Sie Pressetexte des transeuropa Festivals 2021 herunterladen:<br \/><a href=\\\"http:\/\/transeuropa-festival.de\/2021\/wp-content\/uploads\/2021\/04\/Pressetexte.zip\\\"><span style=\\\"text-decoration: underline;\\\">Download Pressetexte<\/span> \u2193\u00a0<\/a><\/p><p>\u00a0<\/p><p class=\\\"_Default\\\"><strong>Pressebilder<\/strong><\/p><p>hier finden sie eine Auswahl an Pressebildern (bitte beachten Sie die Angaben zu den Nutzungs- und Urheberrechten zu Beginn dieser Seite):<\/p>\",\r\n      \"align\": \"top\",\r\n      \"row\": 1,\r\n      \"col\": 2,\r\n      \"colspan\": 8,\r\n      \"offsetx\": 0,\r\n      \"offsety\": 0,\r\n      \"spaceabove\": 0,\r\n      \"spacebelow\": 0,\r\n      \"yvel\": 1,\r\n      \"push\": 2,\r\n      \"relid\": 4,\r\n      \"frameOverflow\": \"\"\r\n    },\r\n    {\r\n      \"type\": \"elementgrid\",\r\n      \"cont\": \"\",\r\n      \"align\": \"top\",\r\n      \"row\": 2,\r\n      \"col\": 2,\r\n      \"colspan\": 8,\r\n      \"offsetx\": 0,\r\n      \"offsety\": 0,\r\n      \"spaceabove\": 0,\r\n      \"spacebelow\": 0,\r\n      \"yvel\": 1,\r\n      \"push\": 2,\r\n      \"relid\": 1644,\r\n      \"config\": {\r\n        \"desktop\": {\r\n          \"colCount\": 3,\r\n          \"colGutter\": 1,\r\n          \"rowGutter\": 1\r\n        },\r\n        \"tablet\": {\r\n          \"colCount\": 2,\r\n          \"colGutter\": 1,\r\n          \"rowGutter\": 1\r\n        },\r\n        \"phone\": {\r\n          \"colCount\": 3,\r\n          \"colGutter\": 1,\r\n          \"rowGutter\": 1\r\n        },\r\n        \"layoutType\": \"masonry\",\r\n        \"elements\": [\r\n          {\r\n            \"type\": \"img\",\r\n            \"attid\": 1262,\r\n            \"cont\": \"\/wp-content\/uploads\/2021\/04\/Portraits_COPYRIGHT_Nathan_Ishar-e1619616407407.jpg\",\r\n            \"sizes\": {\r\n              \"full\": \"\/wp-content\/uploads\/2021\/04\/Portraits_COPYRIGHT_Nathan_Ishar-e1619616407407.jpg\"\r\n            },\r\n            \"w\": 2301,\r\n            \"h\": 1726,\r\n            \"ar\": 0.7501086484137331,\r\n            \"alt\": \"\"\r\n          },\r\n          {\r\n            \"type\": \"img\",\r\n            \"attid\": 1258,\r\n            \"cont\": \"\/wp-content\/uploads\/2021\/04\/Falla_COPYRIGHT_DorotheaTuch-e1619616355902.png\",\r\n            \"sizes\": {\r\n              \"full\": \"\/wp-content\/uploads\/2021\/04\/Falla_COPYRIGHT_DorotheaTuch-e1619616355902.png\"\r\n            },\r\n            \"w\": 1704,\r\n            \"h\": 1278,\r\n            \"ar\": 0.75,\r\n            \"alt\": \"\"\r\n          },\r\n          {\r\n            \"type\": \"img\",\r\n            \"attid\": 1263,\r\n            \"cont\": \"\/wp-content\/uploads\/2021\/04\/Torque_Vulnerati_COPYRIGHT_Nellie_de_Boer-e1619616252552.jpg\",\r\n            \"sizes\": {\r\n              \"full\": \"\/wp-content\/uploads\/2021\/04\/Torque_Vulnerati_COPYRIGHT_Nellie_de_Boer-e1619616252552.jpg\"\r\n            },\r\n            \"w\": 1326,\r\n            \"h\": 995,\r\n            \"ar\": 0.7503770739064857,\r\n            \"alt\": \"\"\r\n          }\r\n        ]\r\n      },\r\n      \"frameOverflow\": \"\"\r\n    },\r\n    {\r\n      \"type\": \"text\",\r\n      \"cont\": \"<p><a href=\\\"http:\/\/transeuropa-festival.de\/2021\/wp-content\/uploads\/2021\/04\/Pressefotos.zip\\\"><span style=\\\"text-decoration: underline;\\\">Download aller Pressebilder<\/span> (16,9 MB) \u2193\u00a0<\/a><\/p>\",\r\n      \"align\": \"top\",\r\n      \"row\": 3,\r\n      \"col\": 2,\r\n      \"colspan\": 7,\r\n      \"offsetx\": 0,\r\n      \"offsety\": 0,\r\n      \"spaceabove\": 0,\r\n      \"spacebelow\": 0,\r\n      \"yvel\": 1,\r\n      \"push\": 2,\r\n      \"relid\": 24,\r\n      \"frameOverflow\": \"\"\r\n    },\r\n    {\r\n      \"type\": \"text\",\r\n      \"cont\": \"<p class=\\\"_Default\\\"><strong>Logovarianten<\/strong><\/p><p class=\\\"_Default\\\">hier k\u00f6nnen Sie Logovarianten des transeuropa Festivals 2021 und der F\u00f6rderer*innen, Sponsor*innen und Partner*innen herunterladen:<\/p><p class=\\\"_Default\\\"><a href=\\\"http:\/\/transeuropa-festival.de\/2021\/wp-content\/uploads\/2021\/04\/transeuropaLogo.zip\\\"><span style=\\\"text-decoration: underline;\\\">Download Logos transeuropa<\/span> \u2193\u00a0<\/a><\/p><p class=\\\"_Default\\\"><br \/><a href=\\\"http:\/\/transeuropa-festival.de\/2021\/wp-content\/uploads\/2021\/04\/Logos_FoerdererInnenPartnerInnen.zip\\\"><span style=\\\"text-decoration: underline;\\\">Download Logos F\u00f6rder*innen+Partner*innen<\/span> \u2193<\/a><\/p><p>\u00a0<\/p><p>eMail: presse[at]transeuropa-festival.de<\/p><p>Internet: <a href=\\\"http:\/\/www.transeuropa-festival.de\/2021\\\" target=\\\"_blank\\\" rel=\\\"noopener\\\" data-id=\\\"0\\\">www.transeuropa-festival.de\/2021<\/a><\/p><p>\u00a0<\/p><p>\u00a0<\/p><p>F\u00fcr die Richtigkeit und Aktualit\u00e4t der Inhalte dieser Internetseite zeichnet sich der transeuropa e.\u00a0V. verantwortlich.<\/p><p>\u00a0<\/p><p class=\\\"_Default\\\">\u2192 <span style=\\\"text-decoration: underline;\\\"><a href=\\\"http:\/\/transeuropa-festival.de\/2021\/impressum\/\\\" data-type=\\\"page\\\" data-id=\\\"217\\\" data-title=\\\"Impressum\\\">Impressum<\/a>\u00a0<\/span><\/p><p>\u2192 <span style=\\\"text-decoration: underline;\\\"><a href=\\\"http:\/\/transeuropa-festival.de\/2021\/datenschutz\/\\\" data-type=\\\"page\\\" data-id=\\\"3\\\" data-title=\\\"Datenschutz\\\">Datenschutz<\/a>\u00a0<\/span><\/p>\",\r\n      \"align\": \"top\",\r\n      \"row\": 4,\r\n      \"col\": 2,\r\n      \"colspan\": 8,\r\n      \"offsetx\": 0,\r\n      \"offsety\": 0,\r\n      \"spaceabove\": 0,\r\n      \"spacebelow\": 0,\r\n      \"yvel\": 1,\r\n      \"push\": 2,\r\n      \"relid\": 23,\r\n      \"frameOverflow\": \"\"\r\n    }\r\n  ]\r\n}","phonegrid":"{\r\n  \"colCount\": 1,\r\n  \"colGutter\": \"1\",\r\n  \"rowGutters\": [\r\n    \"5\",\r\n    \"5\",\r\n    5,\r\n    5,\r\n    5,\r\n    5\r\n  ],\r\n  \"frameMargin\": \"5\",\r\n  \"topFrameMargin\": \"5\",\r\n  \"bottomFrameMargin\": \"5\",\r\n  \"rowAttrs\": [\r\n    [],\r\n    [],\r\n    [],\r\n    {},\r\n    {},\r\n    {},\r\n    {}\r\n  ],\r\n  \"bgColor\": null,\r\n  \"cont\": [\r\n    {\r\n      \"type\": \"text\",\r\n      \"cont\": \"<p>\u00a0\u00a0<\/p>\",\r\n      \"align\": \"top\",\r\n      \"row\": 0,\r\n      \"col\": 0,\r\n      \"colspan\": 1,\r\n      \"offsetx\": 0,\r\n      \"offsety\": 0,\r\n      \"spaceabove\": 0,\r\n      \"spacebelow\": 0,\r\n      \"yvel\": 1,\r\n      \"push\": 0,\r\n      \"relid\": 48\r\n    },\r\n    {\r\n      \"type\": \"text\",\r\n      \"cont\": \"<h1 class=\\\"_h3\\\">Presse<\/h1><p>\u00a0<\/p><div><strong>Presse-Kit\u00ad<\/strong><\/div><div>Die Pressebilder von transeuropa [X] sind f\u00fcr die aktuelle redaktionelle Berichterstattung in Print und Web kostenfrei. Bitte ver\u00f6ffentlichen Sie immer die vollst\u00e4ndigen Copyrightangaben (den Dateinamen zu entnehmen). Nach der Nutzung sind die digitalen Bildvorlagen wieder zu l\u00f6schen.<\/div><div>\u00a0<\/div><div>F\u00fcr eine anderweitige Nutzung der Pressebilder schreiben Sie der Pressestelle bitte eine eMail: presse[at]transeuropa-festival.de.<\/div><p><br \/><a href=\\\"http:\/\/transeuropa-festival.de\/2021\/wp-content\/uploads\/2021\/04\/Presse-Kit.zip\\\" rel=\\\"noopener\\\"><span style=\\\"text-decoration: underline;\\\">Download Presse-Kit<\/span> (21,2 MB) \u2193\u00a0<\/a><\/p><p>\u00a0<\/p><p class=\\\"_Default\\\"><strong>Pressetexte<\/strong><\/p><p>Hier k\u00f6nnen Sie Pressetexte des transeuropa Festivals 2021 herunterladen:<br \/><a href=\\\"http:\/\/transeuropa-festival.de\/2021\/wp-content\/uploads\/2021\/04\/Pressetexte.zip\\\"><span style=\\\"text-decoration: underline;\\\">Download Pressetexte<\/span> \u2193\u00a0<\/a><\/p><p>\u00a0<\/p><p class=\\\"_Default\\\"><strong>Pressebilder<\/strong><\/p><p>hier finden sie eine Auswahl an Pressebildern (bitte beachten Sie die Angaben zu den Nutzungs- und Urheberrechten zu Beginn dieser Seite):<\/p>\",\r\n      \"align\": \"bottom\",\r\n      \"row\": 1,\r\n      \"col\": 0,\r\n      \"colspan\": 1,\r\n      \"offsetx\": 0,\r\n      \"offsety\": 0,\r\n      \"spaceabove\": 0,\r\n      \"spacebelow\": 0,\r\n      \"yvel\": 1,\r\n      \"push\": 0,\r\n      \"relid\": 4,\r\n      \"frameOverflow\": \"\"\r\n    },\r\n    {\r\n      \"type\": \"elementgrid\",\r\n      \"cont\": \"\",\r\n      \"align\": \"middle\",\r\n      \"row\": 2,\r\n      \"col\": 0,\r\n      \"colspan\": 1,\r\n      \"offsetx\": 0,\r\n      \"offsety\": 0,\r\n      \"spaceabove\": 0,\r\n      \"spacebelow\": 0,\r\n      \"yvel\": 1,\r\n      \"push\": 0,\r\n      \"relid\": 1644,\r\n      \"config\": {\r\n        \"desktop\": {\r\n          \"colCount\": 3,\r\n          \"colGutter\": 1,\r\n          \"rowGutter\": 1\r\n        },\r\n        \"tablet\": {\r\n          \"colCount\": 2,\r\n          \"colGutter\": 1,\r\n          \"rowGutter\": 1\r\n        },\r\n        \"phone\": {\r\n          \"colCount\": 3,\r\n          \"colGutter\": 1,\r\n          \"rowGutter\": 1\r\n        },\r\n        \"layoutType\": \"masonry\",\r\n        \"elements\": [\r\n          {\r\n            \"type\": \"img\",\r\n            \"attid\": 1262,\r\n            \"cont\": \"\/wp-content\/uploads\/2021\/04\/Portraits_COPYRIGHT_Nathan_Ishar-e1619616407407.jpg\",\r\n            \"sizes\": {\r\n              \"full\": \"\/wp-content\/uploads\/2021\/04\/Portraits_COPYRIGHT_Nathan_Ishar-e1619616407407.jpg\"\r\n            },\r\n            \"w\": 2301,\r\n            \"h\": 1726,\r\n            \"ar\": 0.7501086484137331,\r\n            \"alt\": \"\"\r\n          },\r\n          {\r\n            \"type\": \"img\",\r\n            \"attid\": 1258,\r\n            \"cont\": \"\/wp-content\/uploads\/2021\/04\/Falla_COPYRIGHT_DorotheaTuch-e1619616355902.png\",\r\n            \"sizes\": {\r\n              \"full\": \"\/wp-content\/uploads\/2021\/04\/Falla_COPYRIGHT_DorotheaTuch-e1619616355902.png\"\r\n            },\r\n            \"w\": 1704,\r\n            \"h\": 1278,\r\n            \"ar\": 0.75,\r\n            \"alt\": \"\"\r\n          },\r\n          {\r\n            \"type\": \"img\",\r\n            \"attid\": 1263,\r\n            \"cont\": \"\/wp-content\/uploads\/2021\/04\/Torque_Vulnerati_COPYRIGHT_Nellie_de_Boer-e1619616252552.jpg\",\r\n            \"sizes\": {\r\n              \"full\": \"\/wp-content\/uploads\/2021\/04\/Torque_Vulnerati_COPYRIGHT_Nellie_de_Boer-e1619616252552.jpg\"\r\n            },\r\n            \"w\": 1326,\r\n            \"h\": 995,\r\n            \"ar\": 0.7503770739064857,\r\n            \"alt\": \"\"\r\n          }\r\n        ]\r\n      },\r\n      \"frameOverflow\": \"\"\r\n    },\r\n    {\r\n      \"type\": \"text\",\r\n      \"cont\": \"<p><a href=\\\"http:\/\/transeuropa-festival.de\/2021\/wp-content\/uploads\/2021\/04\/Pressefotos.zip\\\"><span style=\\\"text-decoration: underline;\\\">Download aller Pressebilder<\/span> (16,9 MB) \u2193\u00a0<\/a><\/p>\",\r\n      \"align\": \"top\",\r\n      \"row\": 4,\r\n      \"col\": 0,\r\n      \"colspan\": 1,\r\n      \"offsetx\": 0,\r\n      \"offsety\": 0,\r\n      \"spaceabove\": 0,\r\n      \"spacebelow\": 0,\r\n      \"yvel\": 1,\r\n      \"push\": 0,\r\n      \"relid\": 24,\r\n      \"frameOverflow\": \"\"\r\n    },\r\n    {\r\n      \"type\": \"text\",\r\n      \"cont\": \"<p class=\\\"_Default\\\"><strong>Logovarianten<\/strong><\/p><p class=\\\"_Default\\\">hier k\u00f6nnen Sie Logovarianten des transeuropa Festivals 2021 und der F\u00f6rderer*innen, Sponsor*innen und Partner*innen herunterladen:<\/p><p class=\\\"_Default\\\"><a href=\\\"http:\/\/transeuropa-festival.de\/2021\/wp-content\/uploads\/2021\/04\/transeuropaLogo.zip\\\"><span style=\\\"text-decoration: underline;\\\">Download Logos transeuropa<\/span> \u2193\u00a0<\/a><\/p><p class=\\\"_Default\\\"><br \/><a href=\\\"http:\/\/transeuropa-festival.de\/2021\/wp-content\/uploads\/2021\/04\/Logos_FoerdererInnenPartnerInnen.zip\\\"><span style=\\\"text-decoration: underline;\\\">Download Logos F\u00f6rder*innen+Partner*innen<\/span> \u2193<\/a><\/p><p>\u00a0<\/p><p>eMail: presse[at]transeuropa-festival.de<\/p><p>Internet: <a href=\\\"http:\/\/www.transeuropa-festival.de\/2021\\\" target=\\\"_blank\\\" rel=\\\"noopener\\\" data-id=\\\"0\\\">www.transeuropa-festival.de\/2021<\/a><\/p><p>\u00a0<\/p><p>\u00a0<\/p><p>F\u00fcr die Richtigkeit und Aktualit\u00e4t der Inhalte dieser Internetseite zeichnet sich der transeuropa e.\u00a0V. verantwortlich.<\/p><p>\u00a0<\/p><p class=\\\"_Default\\\">\u2192 <span style=\\\"text-decoration: underline;\\\"><a href=\\\"http:\/\/transeuropa-festival.de\/2021\/impressum\/\\\" data-type=\\\"page\\\" data-id=\\\"217\\\" data-title=\\\"Impressum\\\">Impressum<\/a>\u00a0<\/span><\/p><p>\u2192 <span style=\\\"text-decoration: underline;\\\"><a href=\\\"http:\/\/transeuropa-festival.de\/2021\/datenschutz\/\\\" data-type=\\\"page\\\" data-id=\\\"3\\\" data-title=\\\"Datenschutz\\\">Datenschutz<\/a>\u00a0<\/span><\/p>\",\r\n      \"align\": \"top\",\r\n      \"row\": 5,\r\n      \"col\": 0,\r\n      \"colspan\": 1,\r\n      \"offsetx\": 0,\r\n      \"offsety\": 0,\r\n      \"spaceabove\": 0,\r\n      \"spacebelow\": 0,\r\n      \"yvel\": 1,\r\n      \"push\": 0,\r\n      \"relid\": 23,\r\n      \"frameOverflow\": \"\"\r\n    }\r\n  ]\r\n}","_links":{"self":[{"href":"https:\/\/transeuropa-festival.de\/2021\/wp-json\/wp\/v2\/pages\/1210"}],"collection":[{"href":"https:\/\/transeuropa-festival.de\/2021\/wp-json\/wp\/v2\/pages"}],"about":[{"href":"https:\/\/transeuropa-festival.de\/2021\/wp-json\/wp\/v2\/types\/page"}],"author":[{"embeddable":true,"href":"https:\/\/transeuropa-festival.de\/2021\/wp-json\/wp\/v2\/users\/1"}],"replies":[{"embeddable":true,"href":"https:\/\/transeuropa-festival.de\/2021\/wp-json\/wp\/v2\/comments?post=1210"}],"version-history":[{"count":0,"href":"https:\/\/transeuropa-festival.de\/2021\/wp-json\/wp\/v2\/pages\/1210\/revisions"}],"wp:attachment":[{"href":"https:\/\/transeuropa-festival.de\/2021\/wp-json\/wp\/v2\/media?parent=1210"}],"curies":[{"name":"wp","href":"https:\/\/api.w.org\/{rel}","templated":true}]}}